{"id":2298,"date":"2025-11-10T11:43:04","date_gmt":"2025-11-10T11:43:04","guid":{"rendered":"https:\/\/tamtam.md\/?post_type=product&#038;p=2298"},"modified":"2025-11-27T11:27:18","modified_gmt":"2025-11-27T11:27:18","slug":"oglinda-runda-s-alum","status":"publish","type":"product","link":"https:\/\/tamtam.md\/ru\/product\/oglinda-runda-s-alum\/","title":{"rendered":"Oglind\u0103 RUNDA S Alum"},"content":{"rendered":"<pre id=\"tw-target-text\" class=\"tw-data-text tw-text-large tw-ta\" dir=\"ltr\" data-placeholder=\"Translation\" data-ved=\"2ahUKEwjW_Lz16N6IAxVugf0HHROkAcoQ3ewLegQICBAU\" aria-label=\"Translated text: Oglind\u0103 cu iluminare LED Alice LED seria ST. Banda de lumin\u0103 de-a lungul perimetrului produsului str\u0103luce\u0219te puternic \u0219i uniform, lumin\u00e2nd bine fa\u021ba \u0219i f\u0103r\u0103 umbre pe ea. Grosimea structurii produsului este de 30 mm. Oglinda poate fi folosit\u0103 \u00een siguran\u021b\u0103 \u00een baie:\">Oglind\u0103 RUNDA S Alum \u00eentr-un cadru de aluminiu negru sau auriu cu iluminare ambiental\u0103 din spatele oglinzii. Suprafa\u021ba mat\u0103 a cadrului  este o combina\u021bie de frumuse\u021be \u0219i durabilitate.<\/pre>","protected":false},"excerpt":{"rendered":"<pre class=\"tw-data-text tw-text-large tw-ta\" dir=\"ltr\" data-placeholder=\"Translation\" data-ved=\"2ahUKEwjW_Lz16N6IAxVugf0HHROkAcoQ3ewLegQICBAU\" aria-label=\"Translated text: Oglind\u0103 cu iluminare LED Alice LED seria ST. Banda de lumin\u0103 de-a lungul perimetrului produsului str\u0103luce\u0219te puternic \u0219i uniform, lumin\u00e2nd bine fa\u021ba \u0219i f\u0103r\u0103 umbre pe ea. Grosimea structurii produsului este de 30 mm. Oglinda poate fi folosit\u0103 \u00een siguran\u021b\u0103 \u00een baie:\">Oglind\u0103 CAPSULA 01 Black \u00eentr-un cadru de aluminiu negru sau auriu cu iluminare ambiental\u0103 din spatele oglinzii. Suprafa\u021ba mat\u0103 a cadrului este o combina\u021bie de frumuse\u021be \u0219i durabilitate.<\/pre>\n<pre id=\"tw-target-text\" class=\"tw-data-text tw-text-large tw-ta\" dir=\"ltr\" tabindex=\"-1\" role=\"text\" data-placeholder=\"Translation\" data-ved=\"2ahUKEwinodysnJKRAxWBKRAIHdlpIvsQ3ewLegQIDxAW\" aria-label=\"Translated text: Pretul este valabil pentru dimensiuni de pana la 2000 mm\"><span class=\"Y2IQFc\" lang=\"ro\">Pretul este valabil pentru dimensiuni de pana la 2000 mm.<\/span><\/pre>\n<pre id=\"tw-target-text\" class=\"tw-data-text tw-text-large tw-ta\" dir=\"ltr\" data-placeholder=\"Translation\" data-ved=\"2ahUKEwjOi7as_NqIAxX0hv0HHcfDB5YQ3ewLegQIFRAU\" aria-label=\"Translated text: Zona de lumin\u0103 sub form\u0103 de inel de-a lungul circumferin\u021bei exterioare a produsului str\u0103luce\u0219te puternic \u0219i uniform, lumin\u00e2nd bine fa\u021ba \u0219i f\u0103r\u0103 umbre pe ea.\"><\/pre>","protected":false},"featured_media":2314,"comment_status":"open","ping_status":"closed","template":"","meta":[],"product_cat":[70],"product_tag":[],"class_list":{"0":"post-2298","1":"product","2":"type-product","3":"status-publish","4":"has-post-thumbnail","6":"product_cat-rotunde","8":"first","9":"onbackorder","10":"shipping-taxable","11":"purchasable","12":"product-type-simple"},"_links":{"self":[{"href":"https:\/\/tamtam.md\/ru\/wp-json\/wp\/v2\/product\/2298"}],"collection":[{"href":"https:\/\/tamtam.md\/ru\/wp-json\/wp\/v2\/product"}],"about":[{"href":"https:\/\/tamtam.md\/ru\/wp-json\/wp\/v2\/types\/product"}],"replies":[{"embeddable":true,"href":"https:\/\/tamtam.md\/ru\/wp-json\/wp\/v2\/comments?post=2298"}],"version-history":[{"count":3,"href":"https:\/\/tamtam.md\/ru\/wp-json\/wp\/v2\/product\/2298\/revisions"}],"predecessor-version":[{"id":2328,"href":"https:\/\/tamtam.md\/ru\/wp-json\/wp\/v2\/product\/2298\/revisions\/2328"}],"wp:featuredmedia":[{"embeddable":true,"href":"https:\/\/tamtam.md\/ru\/wp-json\/wp\/v2\/media\/2314"}],"wp:attachment":[{"href":"https:\/\/tamtam.md\/ru\/wp-json\/wp\/v2\/media?parent=2298"}],"wp:term":[{"taxonomy":"product_cat","embeddable":true,"href":"https:\/\/tamtam.md\/ru\/wp-json\/wp\/v2\/product_cat?post=2298"},{"taxonomy":"product_tag","embeddable":true,"href":"https:\/\/tamtam.md\/ru\/wp-json\/wp\/v2\/product_tag?post=2298"}],"curies":[{"name":"wp","href":"https:\/\/api.w.org\/{rel}","templated":true}]}}