{"id":2272,"date":"2025-11-10T10:11:54","date_gmt":"2025-11-10T10:11:54","guid":{"rendered":"https:\/\/tamtam.md\/?post_type=product&#038;p=2272"},"modified":"2025-11-27T12:09:19","modified_gmt":"2025-11-27T12:09:19","slug":"oglinda-arca-alum","status":"publish","type":"product","link":"https:\/\/tamtam.md\/ru\/product\/oglinda-arca-alum\/","title":{"rendered":"Oglind\u0103 ARCA Alum"},"content":{"rendered":"","protected":false},"excerpt":{"rendered":"<p>Oglind\u0103 ARCA Alum (f\u0103r\u0103 iluminare ) \u00een ram\u0103 din aluminiu care poate fi de culoarea neagr\u0103 sau aurie.<\/p>\n<p>&nbsp;<\/p>\n<p><span class=\"Y2IQFc\" lang=\"ro\">Pretul este valabil pentru dimensiuni de pana la 2000 mm.<\/span><\/p>","protected":false},"featured_media":2277,"comment_status":"open","ping_status":"closed","template":"","meta":[],"product_cat":[72,73],"product_tag":[],"class_list":{"0":"post-2272","1":"product","2":"type-product","3":"status-publish","4":"has-post-thumbnail","6":"product_cat-ovale","7":"product_cat-rotungite","9":"first","10":"onbackorder","11":"shipping-taxable","12":"purchasable","13":"product-type-simple"},"_links":{"self":[{"href":"https:\/\/tamtam.md\/ru\/wp-json\/wp\/v2\/product\/2272"}],"collection":[{"href":"https:\/\/tamtam.md\/ru\/wp-json\/wp\/v2\/product"}],"about":[{"href":"https:\/\/tamtam.md\/ru\/wp-json\/wp\/v2\/types\/product"}],"replies":[{"embeddable":true,"href":"https:\/\/tamtam.md\/ru\/wp-json\/wp\/v2\/comments?post=2272"}],"version-history":[{"count":2,"href":"https:\/\/tamtam.md\/ru\/wp-json\/wp\/v2\/product\/2272\/revisions"}],"predecessor-version":[{"id":2333,"href":"https:\/\/tamtam.md\/ru\/wp-json\/wp\/v2\/product\/2272\/revisions\/2333"}],"wp:featuredmedia":[{"embeddable":true,"href":"https:\/\/tamtam.md\/ru\/wp-json\/wp\/v2\/media\/2277"}],"wp:attachment":[{"href":"https:\/\/tamtam.md\/ru\/wp-json\/wp\/v2\/media?parent=2272"}],"wp:term":[{"taxonomy":"product_cat","embeddable":true,"href":"https:\/\/tamtam.md\/ru\/wp-json\/wp\/v2\/product_cat?post=2272"},{"taxonomy":"product_tag","embeddable":true,"href":"https:\/\/tamtam.md\/ru\/wp-json\/wp\/v2\/product_tag?post=2272"}],"curies":[{"name":"wp","href":"https:\/\/api.w.org\/{rel}","templated":true}]}}