{"id":2262,"date":"2025-07-28T09:41:40","date_gmt":"2025-07-28T09:41:40","guid":{"rendered":"https:\/\/tamtam.md\/?post_type=product&#038;p=2262"},"modified":"2025-11-27T11:44:33","modified_gmt":"2025-11-27T11:44:33","slug":"oglinda-runda-fs","status":"publish","type":"product","link":"https:\/\/tamtam.md\/ru\/product\/oglinda-runda-fs\/","title":{"rendered":"Oglind\u0103 RUNDA FS"},"content":{"rendered":"<pre class=\"tw-data-text tw-text-large tw-ta\" dir=\"ltr\" data-placeholder=\"Translation\" data-ved=\"2ahUKEwjW_Lz16N6IAxVugf0HHROkAcoQ3ewLegQICBAU\" aria-label=\"Translated text: Oglind\u0103 cu iluminare LED Alice LED seria ST. Banda de lumin\u0103 de-a lungul perimetrului produsului str\u0103luce\u0219te puternic \u0219i uniform, lumin\u00e2nd bine fa\u021ba \u0219i f\u0103r\u0103 umbre pe ea. Grosimea structurii produsului este de 30 mm. Oglinda poate fi folosit\u0103 \u00een siguran\u021b\u0103 \u00een baie:\"><span class=\"Y2IQFc\" lang=\"ro\">Oglind\u0103 cu iluminare LED RUNDA FS  . Banda de lumin\u0103 de-a lungul perimetrului produsului str\u0103luce\u0219te puternic \u0219i uniform din fa\u021b\u0103 \u0219i abiental din spatele oglinzii, suplimentar iluminare a<\/span><\/pre>\n<pre>ambilight.<\/pre>","protected":false},"excerpt":{"rendered":"<pre id=\"tw-target-text\" class=\"tw-data-text tw-text-large tw-ta\" dir=\"ltr\" data-placeholder=\"Translation\" data-ved=\"2ahUKEwjW_Lz16N6IAxVugf0HHROkAcoQ3ewLegQICBAU\" aria-label=\"Translated text: Oglind\u0103 cu iluminare LED Alice LED seria ST. Banda de lumin\u0103 de-a lungul perimetrului produsului str\u0103luce\u0219te puternic \u0219i uniform, lumin\u00e2nd bine fa\u021ba \u0219i f\u0103r\u0103 umbre pe ea. Grosimea structurii produsului este de 30 mm. Oglinda poate fi folosit\u0103 \u00een siguran\u021b\u0103 \u00een baie:\"><span class=\"Y2IQFc\" lang=\"ro\">Oglind\u0103 cu iluminare LED RUNDA FS  . Banda de lumin\u0103 de-a lungul perimetrului produsului str\u0103luce\u0219te puternic \u0219i uniform din fa\u021b\u0103 \u0219i abiental din spatele oglinzii lumin\u00e2nd bine fa\u021ba \u0219i f\u0103r\u0103 umbre pe ea.\r\n\r\nPretul este valabil pentru dimensiuni de pana la 2000 mm. <\/span><\/pre>\n<pre id=\"tw-target-text\" class=\"tw-data-text tw-text-large tw-ta\" dir=\"ltr\" data-placeholder=\"Translation\" data-ved=\"2ahUKEwjOi7as_NqIAxX0hv0HHcfDB5YQ3ewLegQIFRAU\" aria-label=\"Translated text: Zona de lumin\u0103 sub form\u0103 de inel de-a lungul circumferin\u021bei exterioare a produsului str\u0103luce\u0219te puternic \u0219i uniform, lumin\u00e2nd bine fa\u021ba \u0219i f\u0103r\u0103 umbre pe ea.\"><\/pre>","protected":false},"featured_media":2263,"comment_status":"open","ping_status":"closed","template":"","meta":[],"product_cat":[70],"product_tag":[],"class_list":{"0":"post-2262","1":"product","2":"type-product","3":"status-publish","4":"has-post-thumbnail","6":"product_cat-rotunde","8":"first","9":"onbackorder","10":"shipping-taxable","11":"purchasable","12":"product-type-simple"},"_links":{"self":[{"href":"https:\/\/tamtam.md\/ru\/wp-json\/wp\/v2\/product\/2262"}],"collection":[{"href":"https:\/\/tamtam.md\/ru\/wp-json\/wp\/v2\/product"}],"about":[{"href":"https:\/\/tamtam.md\/ru\/wp-json\/wp\/v2\/types\/product"}],"replies":[{"embeddable":true,"href":"https:\/\/tamtam.md\/ru\/wp-json\/wp\/v2\/comments?post=2262"}],"version-history":[{"count":3,"href":"https:\/\/tamtam.md\/ru\/wp-json\/wp\/v2\/product\/2262\/revisions"}],"predecessor-version":[{"id":2334,"href":"https:\/\/tamtam.md\/ru\/wp-json\/wp\/v2\/product\/2262\/revisions\/2334"}],"wp:featuredmedia":[{"embeddable":true,"href":"https:\/\/tamtam.md\/ru\/wp-json\/wp\/v2\/media\/2263"}],"wp:attachment":[{"href":"https:\/\/tamtam.md\/ru\/wp-json\/wp\/v2\/media?parent=2262"}],"wp:term":[{"taxonomy":"product_cat","embeddable":true,"href":"https:\/\/tamtam.md\/ru\/wp-json\/wp\/v2\/product_cat?post=2262"},{"taxonomy":"product_tag","embeddable":true,"href":"https:\/\/tamtam.md\/ru\/wp-json\/wp\/v2\/product_tag?post=2262"}],"curies":[{"name":"wp","href":"https:\/\/api.w.org\/{rel}","templated":true}]}}