{"id":2252,"date":"2025-07-02T08:25:01","date_gmt":"2025-07-02T08:25:01","guid":{"rendered":"https:\/\/tamtam.md\/?post_type=product&#038;p=2252"},"modified":"2025-11-27T11:56:53","modified_gmt":"2025-11-27T11:56:53","slug":"oglinda-runda-s-2","status":"publish","type":"product","link":"https:\/\/tamtam.md\/ru\/product\/oglinda-runda-s-2\/","title":{"rendered":"Oglind\u0103  RUNDA S 2"},"content":{"rendered":"<pre id=\"tw-target-text\" class=\"tw-data-text tw-text-large tw-ta\" dir=\"ltr\" data-placeholder=\"Translation\" data-ved=\"2ahUKEwjOi7as_NqIAxX0hv0HHcfDB5YQ3ewLegQIFRAU\" aria-label=\"Translated text: Zona de lumin\u0103 sub form\u0103 de inel de-a lungul circumferin\u021bei exterioare a produsului str\u0103luce\u0219te puternic \u0219i uniform, lumin\u00e2nd bine fa\u021ba \u0219i f\u0103r\u0103 umbre pe ea.\">Oglind\u0103  RUNDA S 2 cu iluminare pe contur ambilight. Lumina vine din partea din spate a oglinzii, ilumin\u00e2nd frumos camera cu o lumin\u0103 moale.<\/pre>","protected":false},"excerpt":{"rendered":"<p>Oglind\u0103 RUNDA S 2 este o compozi\u021bie format\u0103 din dou\u0103 p\u0103r\u021bi ale unei oglinzi cu iluminare pe contur ambilight. Lumina vine din partea din spate a oglinzii, ilumin\u00e2nd frumos camera cu o lumin\u0103 moale.<\/p>\n<p>&nbsp;<\/p>\n<p><span class=\"Y2IQFc\" lang=\"ro\">Pretul este valabil pentru dimensiuni de pana la 2000 mm. <\/span><\/p>","protected":false},"featured_media":2254,"comment_status":"open","ping_status":"closed","template":"","meta":[],"product_cat":[72,70],"product_tag":[],"class_list":{"0":"post-2252","1":"product","2":"type-product","3":"status-publish","4":"has-post-thumbnail","6":"product_cat-ovale","7":"product_cat-rotunde","9":"first","10":"onbackorder","11":"shipping-taxable","12":"purchasable","13":"product-type-simple"},"_links":{"self":[{"href":"https:\/\/tamtam.md\/ru\/wp-json\/wp\/v2\/product\/2252"}],"collection":[{"href":"https:\/\/tamtam.md\/ru\/wp-json\/wp\/v2\/product"}],"about":[{"href":"https:\/\/tamtam.md\/ru\/wp-json\/wp\/v2\/types\/product"}],"replies":[{"embeddable":true,"href":"https:\/\/tamtam.md\/ru\/wp-json\/wp\/v2\/comments?post=2252"}],"version-history":[{"count":2,"href":"https:\/\/tamtam.md\/ru\/wp-json\/wp\/v2\/product\/2252\/revisions"}],"predecessor-version":[{"id":2336,"href":"https:\/\/tamtam.md\/ru\/wp-json\/wp\/v2\/product\/2252\/revisions\/2336"}],"wp:featuredmedia":[{"embeddable":true,"href":"https:\/\/tamtam.md\/ru\/wp-json\/wp\/v2\/media\/2254"}],"wp:attachment":[{"href":"https:\/\/tamtam.md\/ru\/wp-json\/wp\/v2\/media?parent=2252"}],"wp:term":[{"taxonomy":"product_cat","embeddable":true,"href":"https:\/\/tamtam.md\/ru\/wp-json\/wp\/v2\/product_cat?post=2252"},{"taxonomy":"product_tag","embeddable":true,"href":"https:\/\/tamtam.md\/ru\/wp-json\/wp\/v2\/product_tag?post=2252"}],"curies":[{"name":"wp","href":"https:\/\/api.w.org\/{rel}","templated":true}]}}