{"id":2245,"date":"2025-07-01T08:30:09","date_gmt":"2025-07-01T08:30:09","guid":{"rendered":"https:\/\/tamtam.md\/?post_type=product&#038;p=2245"},"modified":"2025-11-27T11:58:26","modified_gmt":"2025-11-27T11:58:26","slug":"oglinda-capsula-02-black","status":"publish","type":"product","link":"https:\/\/tamtam.md\/ru\/product\/oglinda-capsula-02-black\/","title":{"rendered":"Oglind\u0103 CAPSULA 02 Alum"},"content":{"rendered":"<pre id=\"tw-target-text\" class=\"tw-data-text tw-text-large tw-ta\" dir=\"ltr\" data-placeholder=\"Translation\" data-ved=\"2ahUKEwjW_Lz16N6IAxVugf0HHROkAcoQ3ewLegQICBAU\" aria-label=\"Translated text: Oglind\u0103 cu iluminare LED Alice LED seria ST. Banda de lumin\u0103 de-a lungul perimetrului produsului str\u0103luce\u0219te puternic \u0219i uniform, lumin\u00e2nd bine fa\u021ba \u0219i f\u0103r\u0103 umbre pe ea. Grosimea structurii produsului este de 30 mm. Oglinda poate fi folosit\u0103 \u00een siguran\u021b\u0103 \u00een baie:\">Oglind\u0103 CAPSULA 01 Alum \u00eentr-un cadru de aluminiu negru sau auriu cu iluminare ambiental\u0103 din spatele oglinzii. Suprafa\u021ba mat\u0103 a cadrului  este o combina\u021bie de frumuse\u021be \u0219i durabilitate.<\/pre>","protected":false},"excerpt":{"rendered":"<pre id=\"tw-target-text\" class=\"tw-data-text tw-text-large tw-ta\" dir=\"ltr\" data-placeholder=\"Translation\" data-ved=\"2ahUKEwjW_Lz16N6IAxVugf0HHROkAcoQ3ewLegQICBAU\" aria-label=\"Translated text: Oglind\u0103 cu iluminare LED Alice LED seria ST. Banda de lumin\u0103 de-a lungul perimetrului produsului str\u0103luce\u0219te puternic \u0219i uniform, lumin\u00e2nd bine fa\u021ba \u0219i f\u0103r\u0103 umbre pe ea. Grosimea structurii produsului este de 30 mm. Oglinda poate fi folosit\u0103 \u00een siguran\u021b\u0103 \u00een baie:\">Oglind\u0103 CAPSULA 01 Black \u00eentr-un cadru de aluminiu negru sau auriu cu iluminare ambiental\u0103 din spatele oglinzii. Suprafa\u021ba mat\u0103 a cadrului este o combina\u021bie de frumuse\u021be \u0219i durabilitate.\r\n\r\n<span class=\"Y2IQFc\" lang=\"ro\">Pretul este valabil pentru dimensiuni de pana la 2000 mm. <\/span><\/pre>\n<pre id=\"tw-target-text\" class=\"tw-data-text tw-text-large tw-ta\" dir=\"ltr\" data-placeholder=\"Translation\" data-ved=\"2ahUKEwjOi7as_NqIAxX0hv0HHcfDB5YQ3ewLegQIFRAU\" aria-label=\"Translated text: Zona de lumin\u0103 sub form\u0103 de inel de-a lungul circumferin\u021bei exterioare a produsului str\u0103luce\u0219te puternic \u0219i uniform, lumin\u00e2nd bine fa\u021ba \u0219i f\u0103r\u0103 umbre pe ea.\"><\/pre>","protected":false},"featured_media":2246,"comment_status":"open","ping_status":"closed","template":"","meta":[],"product_cat":[72],"product_tag":[],"class_list":{"0":"post-2245","1":"product","2":"type-product","3":"status-publish","4":"has-post-thumbnail","6":"product_cat-ovale","8":"first","9":"onbackorder","10":"shipping-taxable","11":"purchasable","12":"product-type-simple"},"_links":{"self":[{"href":"https:\/\/tamtam.md\/ru\/wp-json\/wp\/v2\/product\/2245"}],"collection":[{"href":"https:\/\/tamtam.md\/ru\/wp-json\/wp\/v2\/product"}],"about":[{"href":"https:\/\/tamtam.md\/ru\/wp-json\/wp\/v2\/types\/product"}],"replies":[{"embeddable":true,"href":"https:\/\/tamtam.md\/ru\/wp-json\/wp\/v2\/comments?post=2245"}],"version-history":[{"count":5,"href":"https:\/\/tamtam.md\/ru\/wp-json\/wp\/v2\/product\/2245\/revisions"}],"predecessor-version":[{"id":2337,"href":"https:\/\/tamtam.md\/ru\/wp-json\/wp\/v2\/product\/2245\/revisions\/2337"}],"wp:featuredmedia":[{"embeddable":true,"href":"https:\/\/tamtam.md\/ru\/wp-json\/wp\/v2\/media\/2246"}],"wp:attachment":[{"href":"https:\/\/tamtam.md\/ru\/wp-json\/wp\/v2\/media?parent=2245"}],"wp:term":[{"taxonomy":"product_cat","embeddable":true,"href":"https:\/\/tamtam.md\/ru\/wp-json\/wp\/v2\/product_cat?post=2245"},{"taxonomy":"product_tag","embeddable":true,"href":"https:\/\/tamtam.md\/ru\/wp-json\/wp\/v2\/product_tag?post=2245"}],"curies":[{"name":"wp","href":"https:\/\/api.w.org\/{rel}","templated":true}]}}