{"id":2240,"date":"2025-06-19T12:03:52","date_gmt":"2025-06-19T12:03:52","guid":{"rendered":"https:\/\/tamtam.md\/?post_type=product&#038;p=2240"},"modified":"2025-11-27T11:59:06","modified_gmt":"2025-11-27T11:59:06","slug":"oglinda-clasic-02-2-black","status":"publish","type":"product","link":"https:\/\/tamtam.md\/ru\/product\/oglinda-clasic-02-2-black\/","title":{"rendered":"Oglind\u0103 CLASIC 02-2 Alum"},"content":{"rendered":"<p>Oglind\u0103 CLASIC 02-2 Alum cu conturul de iluminare ambilight \u0219i cu ram\u0103 din aluminiu neagr\u0103 sau aurie.Aceasta este o compozi\u021bie format\u0103 din dou\u0103 p\u0103r\u021bi ale unei oglinzi.Lumina vine din partea din spate a oglinzii, ilumin\u00e2nd frumos camera cu o lumin\u0103 moale.<\/p>","protected":false},"excerpt":{"rendered":"<p>Oglind\u0103 CLASIC 02-2Alum cu conturul de iluminare ambilight \u0219i cu ram\u0103 din aluminiu.Aceasta este o compozi\u021bie format\u0103 din dou\u0103 p\u0103r\u021bi ale unei oglinzi.Lumina vine din partea din spate a oglinzii, ilumin\u00e2nd frumos camera cu o lumin\u0103 moale.<\/p>\n<p>&nbsp;<\/p>\n<p><span class=\"Y2IQFc\" lang=\"ro\">Pretul este valabil pentru dimensiuni de pana la 2000 mm. <\/span><\/p>","protected":false},"featured_media":2243,"comment_status":"open","ping_status":"closed","template":"","meta":[],"product_cat":[71],"product_tag":[],"class_list":{"0":"post-2240","1":"product","2":"type-product","3":"status-publish","4":"has-post-thumbnail","6":"product_cat-patrate","8":"first","9":"onbackorder","10":"shipping-taxable","11":"purchasable","12":"product-type-simple"},"_links":{"self":[{"href":"https:\/\/tamtam.md\/ru\/wp-json\/wp\/v2\/product\/2240"}],"collection":[{"href":"https:\/\/tamtam.md\/ru\/wp-json\/wp\/v2\/product"}],"about":[{"href":"https:\/\/tamtam.md\/ru\/wp-json\/wp\/v2\/types\/product"}],"replies":[{"embeddable":true,"href":"https:\/\/tamtam.md\/ru\/wp-json\/wp\/v2\/comments?post=2240"}],"version-history":[{"count":4,"href":"https:\/\/tamtam.md\/ru\/wp-json\/wp\/v2\/product\/2240\/revisions"}],"predecessor-version":[{"id":2338,"href":"https:\/\/tamtam.md\/ru\/wp-json\/wp\/v2\/product\/2240\/revisions\/2338"}],"wp:featuredmedia":[{"embeddable":true,"href":"https:\/\/tamtam.md\/ru\/wp-json\/wp\/v2\/media\/2243"}],"wp:attachment":[{"href":"https:\/\/tamtam.md\/ru\/wp-json\/wp\/v2\/media?parent=2240"}],"wp:term":[{"taxonomy":"product_cat","embeddable":true,"href":"https:\/\/tamtam.md\/ru\/wp-json\/wp\/v2\/product_cat?post=2240"},{"taxonomy":"product_tag","embeddable":true,"href":"https:\/\/tamtam.md\/ru\/wp-json\/wp\/v2\/product_tag?post=2240"}],"curies":[{"name":"wp","href":"https:\/\/api.w.org\/{rel}","templated":true}]}}