{"id":2235,"date":"2025-06-19T12:00:25","date_gmt":"2025-06-19T12:00:25","guid":{"rendered":"https:\/\/tamtam.md\/?post_type=product&#038;p=2235"},"modified":"2025-11-27T12:17:22","modified_gmt":"2025-11-27T12:17:22","slug":"oglinda-clasic-02-2","status":"publish","type":"product","link":"https:\/\/tamtam.md\/ru\/product\/oglinda-clasic-02-2\/","title":{"rendered":"Oglind\u0103 CLASIC 02-2"},"content":{"rendered":"<p>Oglind\u0103 CLASIC 02-2 cu conturul de iluminare ambilight.Aceasta este o compozi\u021bie format\u0103 din dou\u0103 p\u0103r\u021bi ale unei oglinzi.Lumina vine din partea din spate a oglinzii, ilumin\u00e2nd frumos camera cu o lumin\u0103 moale.<\/p>","protected":false},"excerpt":{"rendered":"<p>Oglind\u0103 CLASIC 02-2 cu conturul de iluminare ambilight.Aceasta este o compozi\u021bie format\u0103 din dou\u0103 p\u0103r\u021bi ale unei oglinzi.Lumina vine din partea din spate a oglinzii, ilumin\u00e2nd frumos camera cu o lumin\u0103 moale.<\/p>","protected":false},"featured_media":2236,"comment_status":"open","ping_status":"closed","template":"","meta":[],"product_cat":[71],"product_tag":[],"class_list":{"0":"post-2235","1":"product","2":"type-product","3":"status-publish","4":"has-post-thumbnail","6":"product_cat-patrate","8":"first","9":"onbackorder","10":"shipping-taxable","11":"purchasable","12":"product-type-simple"},"_links":{"self":[{"href":"https:\/\/tamtam.md\/ru\/wp-json\/wp\/v2\/product\/2235"}],"collection":[{"href":"https:\/\/tamtam.md\/ru\/wp-json\/wp\/v2\/product"}],"about":[{"href":"https:\/\/tamtam.md\/ru\/wp-json\/wp\/v2\/types\/product"}],"replies":[{"embeddable":true,"href":"https:\/\/tamtam.md\/ru\/wp-json\/wp\/v2\/comments?post=2235"}],"version-history":[{"count":1,"href":"https:\/\/tamtam.md\/ru\/wp-json\/wp\/v2\/product\/2235\/revisions"}],"predecessor-version":[{"id":2237,"href":"https:\/\/tamtam.md\/ru\/wp-json\/wp\/v2\/product\/2235\/revisions\/2237"}],"wp:featuredmedia":[{"embeddable":true,"href":"https:\/\/tamtam.md\/ru\/wp-json\/wp\/v2\/media\/2236"}],"wp:attachment":[{"href":"https:\/\/tamtam.md\/ru\/wp-json\/wp\/v2\/media?parent=2235"}],"wp:term":[{"taxonomy":"product_cat","embeddable":true,"href":"https:\/\/tamtam.md\/ru\/wp-json\/wp\/v2\/product_cat?post=2235"},{"taxonomy":"product_tag","embeddable":true,"href":"https:\/\/tamtam.md\/ru\/wp-json\/wp\/v2\/product_tag?post=2235"}],"curies":[{"name":"wp","href":"https:\/\/api.w.org\/{rel}","templated":true}]}}