{"id":2221,"date":"2025-06-14T05:00:18","date_gmt":"2025-06-14T05:00:18","guid":{"rendered":"https:\/\/tamtam.md\/?post_type=product&#038;p=2221"},"modified":"2025-11-27T12:00:53","modified_gmt":"2025-11-27T12:00:53","slug":"oglinda-clasic-02-r","status":"publish","type":"product","link":"https:\/\/tamtam.md\/ru\/product\/oglinda-clasic-02-r\/","title":{"rendered":"Oglind\u0103 CLASIC 02 R Alum"},"content":{"rendered":"<p>Oglind\u0103 CLASIC 02 R cu conturul de iluminare ambilight \u0219i cu ram\u0103 din aluminiu neagr\u0103 sau aurie.Col\u021burile oglinzii sunt rotunjite la R-50.Lumina vine din partea din spate a oglinzii, ilumin\u00e2nd frumos camera cu o lumin\u0103 moale.<\/p>","protected":false},"excerpt":{"rendered":"<p>Oglind\u0103 CLASIC 02 Black cu conturul de iluminare ambilight \u0219i cu ram\u0103 din aluminiu.Lumina vine din partea din spate a oglinzii, ilumin\u00e2nd frumos camera cu o lumin\u0103 moale.<\/p>\n<p>&nbsp;<\/p>\n<p><span class=\"Y2IQFc\" lang=\"ro\">Pretul este valabil pentru dimensiuni de pana la 2000 mm. <\/span><\/p>","protected":false},"featured_media":2295,"comment_status":"open","ping_status":"closed","template":"","meta":[],"product_cat":[71,73],"product_tag":[],"class_list":{"0":"post-2221","1":"product","2":"type-product","3":"status-publish","4":"has-post-thumbnail","6":"product_cat-patrate","7":"product_cat-rotungite","9":"first","10":"onbackorder","11":"shipping-taxable","12":"purchasable","13":"product-type-simple"},"_links":{"self":[{"href":"https:\/\/tamtam.md\/ru\/wp-json\/wp\/v2\/product\/2221"}],"collection":[{"href":"https:\/\/tamtam.md\/ru\/wp-json\/wp\/v2\/product"}],"about":[{"href":"https:\/\/tamtam.md\/ru\/wp-json\/wp\/v2\/types\/product"}],"replies":[{"embeddable":true,"href":"https:\/\/tamtam.md\/ru\/wp-json\/wp\/v2\/comments?post=2221"}],"version-history":[{"count":3,"href":"https:\/\/tamtam.md\/ru\/wp-json\/wp\/v2\/product\/2221\/revisions"}],"predecessor-version":[{"id":2340,"href":"https:\/\/tamtam.md\/ru\/wp-json\/wp\/v2\/product\/2221\/revisions\/2340"}],"wp:featuredmedia":[{"embeddable":true,"href":"https:\/\/tamtam.md\/ru\/wp-json\/wp\/v2\/media\/2295"}],"wp:attachment":[{"href":"https:\/\/tamtam.md\/ru\/wp-json\/wp\/v2\/media?parent=2221"}],"wp:term":[{"taxonomy":"product_cat","embeddable":true,"href":"https:\/\/tamtam.md\/ru\/wp-json\/wp\/v2\/product_cat?post=2221"},{"taxonomy":"product_tag","embeddable":true,"href":"https:\/\/tamtam.md\/ru\/wp-json\/wp\/v2\/product_tag?post=2221"}],"curies":[{"name":"wp","href":"https:\/\/api.w.org\/{rel}","templated":true}]}}