{"id":2192,"date":"2025-02-26T10:44:34","date_gmt":"2025-02-26T10:44:34","guid":{"rendered":"https:\/\/tamtam.md\/?post_type=product&#038;p=2192"},"modified":"2025-11-27T12:04:13","modified_gmt":"2025-11-27T12:04:13","slug":"oglinda-clasic-02-black","status":"publish","type":"product","link":"https:\/\/tamtam.md\/ru\/product\/oglinda-clasic-02-black\/","title":{"rendered":"Oglind\u0103 CLASIC 02 Alum"},"content":{"rendered":"<p>Oglind\u0103 CLASIC 02 Black cu conturul de iluminare ambilight \u0219i cu ram\u0103 din aluminiu neagr\u0103 sau aurie.Lumina vine din partea din spate a oglinzii, ilumin\u00e2nd frumos camera cu o lumin\u0103 moale.<\/p>","protected":false},"excerpt":{"rendered":"<p>Oglind\u0103 CLASIC 02 Alum cu conturul de iluminare ambilight \u0219i cu ram\u0103 din aluminiu.Lumina vine din partea din spate a oglinzii, ilumin\u00e2nd frumos camera cu o lumin\u0103 moale.<\/p>\n<p>&nbsp;<\/p>\n<p><span class=\"Y2IQFc\" lang=\"ro\">Pretul este valabil pentru dimensiuni de pana la 2000 mm. <\/span><\/p>","protected":false},"featured_media":2195,"comment_status":"open","ping_status":"closed","template":"","meta":[],"product_cat":[71],"product_tag":[],"class_list":{"0":"post-2192","1":"product","2":"type-product","3":"status-publish","4":"has-post-thumbnail","6":"product_cat-patrate","8":"first","9":"onbackorder","10":"shipping-taxable","11":"purchasable","12":"product-type-simple"},"_links":{"self":[{"href":"https:\/\/tamtam.md\/ru\/wp-json\/wp\/v2\/product\/2192"}],"collection":[{"href":"https:\/\/tamtam.md\/ru\/wp-json\/wp\/v2\/product"}],"about":[{"href":"https:\/\/tamtam.md\/ru\/wp-json\/wp\/v2\/types\/product"}],"replies":[{"embeddable":true,"href":"https:\/\/tamtam.md\/ru\/wp-json\/wp\/v2\/comments?post=2192"}],"version-history":[{"count":4,"href":"https:\/\/tamtam.md\/ru\/wp-json\/wp\/v2\/product\/2192\/revisions"}],"predecessor-version":[{"id":2343,"href":"https:\/\/tamtam.md\/ru\/wp-json\/wp\/v2\/product\/2192\/revisions\/2343"}],"wp:featuredmedia":[{"embeddable":true,"href":"https:\/\/tamtam.md\/ru\/wp-json\/wp\/v2\/media\/2195"}],"wp:attachment":[{"href":"https:\/\/tamtam.md\/ru\/wp-json\/wp\/v2\/media?parent=2192"}],"wp:term":[{"taxonomy":"product_cat","embeddable":true,"href":"https:\/\/tamtam.md\/ru\/wp-json\/wp\/v2\/product_cat?post=2192"},{"taxonomy":"product_tag","embeddable":true,"href":"https:\/\/tamtam.md\/ru\/wp-json\/wp\/v2\/product_tag?post=2192"}],"curies":[{"name":"wp","href":"https:\/\/api.w.org\/{rel}","templated":true}]}}