{"id":2182,"date":"2025-01-30T11:39:41","date_gmt":"2025-01-30T11:39:41","guid":{"rendered":"https:\/\/tamtam.md\/?post_type=product&#038;p=2182"},"modified":"2025-11-27T12:04:43","modified_gmt":"2025-11-27T12:04:43","slug":"oglinda-clasic-01-black","status":"publish","type":"product","link":"https:\/\/tamtam.md\/ru\/product\/oglinda-clasic-01-black\/","title":{"rendered":"Oglind\u0103 CLASIC 01 Alum"},"content":{"rendered":"<p>Aceast\u0103 serie de oglinzi de \u00eenalt\u0103 calitate are urm\u0103toarele avantaje:<\/p>\n<ul>\n<li>Consum redus de energie.<\/li>\n<li>Siguran\u021b\u0103 (LED-uri alimentate la 12V).<\/li>\n<li>Lung\u0103 durat\u0103 de via\u021b\u0103- cel pu\u021bin 50 de mii de ore de func\u021bionare continu\u0103.<\/li>\n<li>Protec\u021bie \u00eempotriva stropirii IP44.<\/li>\n<\/ul>\n<p>Site-ul nostru ofer\u0103 posibilitatea de a comanda o oglind\u0103 de orice dimensiune \u0219i de a specifica op\u021biunile de care ave\u021bi nevoie. Astfel, ve\u021bi cump\u0103ra oglinda perfect\u0103, \u00een care va fi tot de ce ave\u021bi nevoie \u0219i nimic mai mult.<\/p>","protected":false},"excerpt":{"rendered":"<p>Oglind\u0103 cu iluminare LED CLASIC 01 Alum este \u00eencadrat\u0103 \u00een ram\u0103 din aluminiu .Coloarea r\u0103mii pate fi divers\u0103.<\/p>\n<p>&nbsp;<\/p>\n<p><span class=\"Y2IQFc\" lang=\"ro\">Pretul este valabil pentru dimensiuni de pana la 2000 mm. <\/span><\/p>","protected":false},"featured_media":2183,"comment_status":"open","ping_status":"closed","template":"","meta":[],"product_cat":[71],"product_tag":[],"class_list":{"0":"post-2182","1":"product","2":"type-product","3":"status-publish","4":"has-post-thumbnail","6":"product_cat-patrate","8":"first","9":"onbackorder","10":"shipping-taxable","11":"purchasable","12":"product-type-simple"},"_links":{"self":[{"href":"https:\/\/tamtam.md\/ru\/wp-json\/wp\/v2\/product\/2182"}],"collection":[{"href":"https:\/\/tamtam.md\/ru\/wp-json\/wp\/v2\/product"}],"about":[{"href":"https:\/\/tamtam.md\/ru\/wp-json\/wp\/v2\/types\/product"}],"replies":[{"embeddable":true,"href":"https:\/\/tamtam.md\/ru\/wp-json\/wp\/v2\/comments?post=2182"}],"version-history":[{"count":6,"href":"https:\/\/tamtam.md\/ru\/wp-json\/wp\/v2\/product\/2182\/revisions"}],"predecessor-version":[{"id":2344,"href":"https:\/\/tamtam.md\/ru\/wp-json\/wp\/v2\/product\/2182\/revisions\/2344"}],"wp:featuredmedia":[{"embeddable":true,"href":"https:\/\/tamtam.md\/ru\/wp-json\/wp\/v2\/media\/2183"}],"wp:attachment":[{"href":"https:\/\/tamtam.md\/ru\/wp-json\/wp\/v2\/media?parent=2182"}],"wp:term":[{"taxonomy":"product_cat","embeddable":true,"href":"https:\/\/tamtam.md\/ru\/wp-json\/wp\/v2\/product_cat?post=2182"},{"taxonomy":"product_tag","embeddable":true,"href":"https:\/\/tamtam.md\/ru\/wp-json\/wp\/v2\/product_tag?post=2182"}],"curies":[{"name":"wp","href":"https:\/\/api.w.org\/{rel}","templated":true}]}}