{"id":2167,"date":"2024-12-17T11:00:55","date_gmt":"2024-12-17T11:00:55","guid":{"rendered":"https:\/\/tamtam.md\/?post_type=product&#038;p=2167"},"modified":"2025-11-27T12:06:13","modified_gmt":"2025-11-27T12:06:13","slug":"oglinda-line","status":"publish","type":"product","link":"https:\/\/tamtam.md\/ru\/product\/oglinda-line\/","title":{"rendered":"Oglind\u0103 LINE"},"content":{"rendered":"<pre class=\"tw-data-text tw-text-large tw-ta\" dir=\"ltr\" data-placeholder=\"Translation\" data-ved=\"2ahUKEwj_zNvksPKJAxXg87sIHYL_K1UQ3ewLegQICxAU\" aria-label=\"Translated text: Oglind\u0103 cu iluminare LED seria Linda LED ST. Dou\u0103 benzi luminoase verticale de-a lungul marginilor laterale ale produsului str\u0103lucesc puternic \u0219i uniform, lumin\u00e2nd bine fa\u021ba \u0219i f\u0103r\u0103 umbre pe ea. Grosimea structurii este de 30 mm.\"><span class=\"Y2IQFc\" lang=\"ro\">Oglind\u0103 cu iluminare LED <\/span><span class=\"Y2IQFc\" lang=\"en\">LINE.<\/span><span class=\"Y2IQFc\" lang=\"ro\">O band\u0103 luminoas\u0103  orizontal\u0103  str\u0103luce\u0219te puternic \u0219i uniform, lumin\u00e2nd bine fa\u021ba \u0219i f\u0103r\u0103 umbre pe ea. Grosimea structurii este de 25 mm.<\/span><\/pre>","protected":false},"excerpt":{"rendered":"<p><span class=\"Y2IQFc\" lang=\"ro\">Oglind\u0103 cu iluminare LED <\/span><span class=\"Y2IQFc\" lang=\"en\">LINE.<\/span><\/p>\n<p>&nbsp;<\/p>\n<p><span class=\"Y2IQFc\" lang=\"ro\">Pretul este valabil pentru dimensiuni de pana la 2000 mm. <\/span><\/p>","protected":false},"featured_media":2168,"comment_status":"open","ping_status":"closed","template":"","meta":[],"product_cat":[71],"product_tag":[],"class_list":{"0":"post-2167","1":"product","2":"type-product","3":"status-publish","4":"has-post-thumbnail","6":"product_cat-patrate","8":"first","9":"onbackorder","10":"shipping-taxable","11":"purchasable","12":"product-type-simple"},"_links":{"self":[{"href":"https:\/\/tamtam.md\/ru\/wp-json\/wp\/v2\/product\/2167"}],"collection":[{"href":"https:\/\/tamtam.md\/ru\/wp-json\/wp\/v2\/product"}],"about":[{"href":"https:\/\/tamtam.md\/ru\/wp-json\/wp\/v2\/types\/product"}],"replies":[{"embeddable":true,"href":"https:\/\/tamtam.md\/ru\/wp-json\/wp\/v2\/comments?post=2167"}],"version-history":[{"count":4,"href":"https:\/\/tamtam.md\/ru\/wp-json\/wp\/v2\/product\/2167\/revisions"}],"predecessor-version":[{"id":2346,"href":"https:\/\/tamtam.md\/ru\/wp-json\/wp\/v2\/product\/2167\/revisions\/2346"}],"wp:featuredmedia":[{"embeddable":true,"href":"https:\/\/tamtam.md\/ru\/wp-json\/wp\/v2\/media\/2168"}],"wp:attachment":[{"href":"https:\/\/tamtam.md\/ru\/wp-json\/wp\/v2\/media?parent=2167"}],"wp:term":[{"taxonomy":"product_cat","embeddable":true,"href":"https:\/\/tamtam.md\/ru\/wp-json\/wp\/v2\/product_cat?post=2167"},{"taxonomy":"product_tag","embeddable":true,"href":"https:\/\/tamtam.md\/ru\/wp-json\/wp\/v2\/product_tag?post=2167"}],"curies":[{"name":"wp","href":"https:\/\/api.w.org\/{rel}","templated":true}]}}