{"id":2151,"date":"2024-11-28T12:46:58","date_gmt":"2024-11-28T12:46:58","guid":{"rendered":"https:\/\/tamtam.md\/?post_type=product&#038;p=2151"},"modified":"2025-11-27T12:08:05","modified_gmt":"2025-11-27T12:08:05","slug":"oglinda-clasic-r","status":"publish","type":"product","link":"https:\/\/tamtam.md\/ru\/product\/oglinda-clasic-r\/","title":{"rendered":"Oglind\u0103 CLASIC R"},"content":{"rendered":"<pre class=\"tw-data-text tw-text-large tw-ta\" dir=\"ltr\" data-placeholder=\"\u041f\u0435\u0440\u0435\u0432\u043e\u0434\" data-ved=\"2ahUKEwjO1tPVsdmIAxWyg_0HHSI2DjUQ3ewLegQICBAU\" aria-label=\"\u041f\u0435\u0440\u0435\u0432\u0435\u0434\u0435\u043d\u043d\u044b\u0439 \u0442\u0435\u043a\u0441\u0442: Oglinda rotunda Silvia Inox Black cu iluminare LED este incadrata de un cadru de otel cu un strat de polimer negru mat. Zona de lumin\u0103 din jurul perimetrului produsului \u00ee\u021bi va lumina bine fa\u021ba f\u0103r\u0103 a l\u0103sa umbre pe ea. Cadrul din o\u021bel nu numai c\u0103 creeaz\u0103 stilul produsului, ci \u0219i protejeaz\u0103 marginile oglinzii de deteriorare. Ad\u00e2ncimea oglinzii (l\u0103\u021bimea ramei) este de 40 mm. Cadru din o\u021bel de \u00eenalt\u0103 calitate:\">Oglind\u0103 CLASIC R f\u0103r\u0103 iluminare, pe carcas\u0103 din spate pe tot perimetru oglinzii, cu elemente pentru instalare.<\/pre>","protected":false},"excerpt":{"rendered":"<p>Modelul de oglind\u0103 CLASIC\u00a0 R\u00a0 este oglind\u0103 f\u0103r\u0103 iluminare led , pe carcas\u0103 din spate pe tot perimetru oglinzii, cu elemente pentru instalare.<\/p>\n<p>&nbsp;<\/p>\n<p><span class=\"Y2IQFc\" lang=\"ro\">Pretul este valabil pentru dimensiuni de pana la 2000 mm. <\/span><\/p>","protected":false},"featured_media":2155,"comment_status":"open","ping_status":"closed","template":"","meta":[],"product_cat":[71,73],"product_tag":[],"class_list":{"0":"post-2151","1":"product","2":"type-product","3":"status-publish","4":"has-post-thumbnail","6":"product_cat-patrate","7":"product_cat-rotungite","9":"first","10":"onbackorder","11":"shipping-taxable","12":"purchasable","13":"product-type-simple"},"_links":{"self":[{"href":"https:\/\/tamtam.md\/ru\/wp-json\/wp\/v2\/product\/2151"}],"collection":[{"href":"https:\/\/tamtam.md\/ru\/wp-json\/wp\/v2\/product"}],"about":[{"href":"https:\/\/tamtam.md\/ru\/wp-json\/wp\/v2\/types\/product"}],"replies":[{"embeddable":true,"href":"https:\/\/tamtam.md\/ru\/wp-json\/wp\/v2\/comments?post=2151"}],"version-history":[{"count":4,"href":"https:\/\/tamtam.md\/ru\/wp-json\/wp\/v2\/product\/2151\/revisions"}],"predecessor-version":[{"id":2348,"href":"https:\/\/tamtam.md\/ru\/wp-json\/wp\/v2\/product\/2151\/revisions\/2348"}],"wp:featuredmedia":[{"embeddable":true,"href":"https:\/\/tamtam.md\/ru\/wp-json\/wp\/v2\/media\/2155"}],"wp:attachment":[{"href":"https:\/\/tamtam.md\/ru\/wp-json\/wp\/v2\/media?parent=2151"}],"wp:term":[{"taxonomy":"product_cat","embeddable":true,"href":"https:\/\/tamtam.md\/ru\/wp-json\/wp\/v2\/product_cat?post=2151"},{"taxonomy":"product_tag","embeddable":true,"href":"https:\/\/tamtam.md\/ru\/wp-json\/wp\/v2\/product_tag?post=2151"}],"curies":[{"name":"wp","href":"https:\/\/api.w.org\/{rel}","templated":true}]}}