{"id":1958,"date":"2024-11-11T16:22:39","date_gmt":"2024-11-11T16:22:39","guid":{"rendered":"https:\/\/tamtam.md\/?post_type=product&#038;p=1958"},"modified":"2025-11-27T12:24:00","modified_gmt":"2025-11-27T12:24:00","slug":"oglinda-tiziana","status":"publish","type":"product","link":"https:\/\/tamtam.md\/ru\/product\/oglinda-tiziana\/","title":{"rendered":"Oglind\u0103 ASIMETRIC S 01"},"content":{"rendered":"<pre id=\"tw-target-text\" class=\"tw-data-text tw-text-large tw-ta\" dir=\"ltr\" data-placeholder=\"Translation\" data-ved=\"2ahUKEwjOi7as_NqIAxX0hv0HHcfDB5YQ3ewLegQIFRAU\" aria-label=\"Translated text: Zona de lumin\u0103 sub form\u0103 de inel de-a lungul circumferin\u021bei exterioare a produsului str\u0103luce\u0219te puternic \u0219i uniform, lumin\u00e2nd bine fa\u021ba \u0219i f\u0103r\u0103 umbre pe ea.\">Oglind\u0103 ASIMETRIC S 01 cu iluminare pe contur ambilight. Lumina vine din partea din spate a oglinzii, ilumin\u00e2nd frumos camera cu o lumin\u0103 moale.<\/pre>","protected":false},"excerpt":{"rendered":"<p>Oglind\u0103 ASIMETRIC S 01 cu iluminare pe contur ambilight. Lumina vine din partea din spate a oglinzii, ilumin\u00e2nd frumos camera cu o lumin\u0103 moale.<\/p>\n<p>&nbsp;<\/p>\n<pre id=\"tw-target-text\" class=\"tw-data-text tw-text-large tw-ta\" dir=\"ltr\" tabindex=\"-1\" role=\"text\" data-placeholder=\"Translation\" data-ved=\"2ahUKEwinodysnJKRAxWBKRAIHdlpIvsQ3ewLegQIDxAW\" aria-label=\"Translated text: Pretul este valabil pentru dimensiuni de pana la 2000 mm\"><span class=\"Y2IQFc\" lang=\"ro\">Pretul este valabil pentru dimensiuni de pana la 2000 mm.<\/span><\/pre>","protected":false},"featured_media":1959,"comment_status":"open","ping_status":"closed","template":"","meta":[],"product_cat":[22,72,70,73],"product_tag":[],"class_list":{"0":"post-1958","1":"product","2":"type-product","3":"status-publish","4":"has-post-thumbnail","6":"product_cat-decor","7":"product_cat-ovale","8":"product_cat-rotunde","9":"product_cat-rotungite","11":"first","12":"onbackorder","13":"shipping-taxable","14":"purchasable","15":"product-type-simple"},"_links":{"self":[{"href":"https:\/\/tamtam.md\/ru\/wp-json\/wp\/v2\/product\/1958"}],"collection":[{"href":"https:\/\/tamtam.md\/ru\/wp-json\/wp\/v2\/product"}],"about":[{"href":"https:\/\/tamtam.md\/ru\/wp-json\/wp\/v2\/types\/product"}],"replies":[{"embeddable":true,"href":"https:\/\/tamtam.md\/ru\/wp-json\/wp\/v2\/comments?post=1958"}],"version-history":[{"count":6,"href":"https:\/\/tamtam.md\/ru\/wp-json\/wp\/v2\/product\/1958\/revisions"}],"predecessor-version":[{"id":2355,"href":"https:\/\/tamtam.md\/ru\/wp-json\/wp\/v2\/product\/1958\/revisions\/2355"}],"wp:featuredmedia":[{"embeddable":true,"href":"https:\/\/tamtam.md\/ru\/wp-json\/wp\/v2\/media\/1959"}],"wp:attachment":[{"href":"https:\/\/tamtam.md\/ru\/wp-json\/wp\/v2\/media?parent=1958"}],"wp:term":[{"taxonomy":"product_cat","embeddable":true,"href":"https:\/\/tamtam.md\/ru\/wp-json\/wp\/v2\/product_cat?post=1958"},{"taxonomy":"product_tag","embeddable":true,"href":"https:\/\/tamtam.md\/ru\/wp-json\/wp\/v2\/product_tag?post=1958"}],"curies":[{"name":"wp","href":"https:\/\/api.w.org\/{rel}","templated":true}]}}