{"id":1953,"date":"2024-11-11T16:01:20","date_gmt":"2024-11-11T16:01:20","guid":{"rendered":"https:\/\/tamtam.md\/?post_type=product&#038;p=1953"},"modified":"2025-11-27T12:24:42","modified_gmt":"2025-11-27T12:24:42","slug":"oglinda-alu-r-black","status":"publish","type":"product","link":"https:\/\/tamtam.md\/ru\/product\/oglinda-alu-r-black\/","title":{"rendered":"Oglind\u0103 RUNDA Alum"},"content":{"rendered":"<pre class=\"tw-data-text tw-text-large tw-ta\" dir=\"ltr\" data-placeholder=\"\u041f\u0435\u0440\u0435\u0432\u043e\u0434\" data-ved=\"2ahUKEwjO1tPVsdmIAxWyg_0HHSI2DjUQ3ewLegQICBAU\" aria-label=\"\u041f\u0435\u0440\u0435\u0432\u0435\u0434\u0435\u043d\u043d\u044b\u0439 \u0442\u0435\u043a\u0441\u0442: Oglinda rotunda Silvia Inox Black cu iluminare LED este incadrata de un cadru de otel cu un strat de polimer negru mat. Zona de lumin\u0103 din jurul perimetrului produsului \u00ee\u021bi va lumina bine fa\u021ba f\u0103r\u0103 a l\u0103sa umbre pe ea. Cadrul din o\u021bel nu numai c\u0103 creeaz\u0103 stilul produsului, ci \u0219i protejeaz\u0103 marginile oglinzii de deteriorare. Ad\u00e2ncimea oglinzii (l\u0103\u021bimea ramei) este de 40 mm. Cadru din o\u021bel de \u00eenalt\u0103 calitate:\">Oglind\u0103 cu cadru din aluminiu RUNDA Alum (f\u0103r\u0103 iluminare ): o combina\u021bie de stil modern high-tech \u0219i materiale de \u00eenalt\u0103 calitate. Rama din aluminiu anodizat protejeaz\u0103 oglinda pe perimetru.   Grosimea structurii este de 20 sau 40 mm de culoare neagr\u0103 sau aurie.<\/pre>\n<p>&nbsp;<\/p>","protected":false},"excerpt":{"rendered":"<p>Oglind\u0103 RUNDA Alum (f\u0103r\u0103 iluminare).<\/p>\n<p>&nbsp;<\/p>\n<pre id=\"tw-target-text\" class=\"tw-data-text tw-text-large tw-ta\" dir=\"ltr\" tabindex=\"-1\" role=\"text\" data-placeholder=\"Translation\" data-ved=\"2ahUKEwinodysnJKRAxWBKRAIHdlpIvsQ3ewLegQIDxAW\" aria-label=\"Translated text: Pretul este valabil pentru dimensiuni de pana la 2000 mm\"><span class=\"Y2IQFc\" lang=\"ro\">Pretul este valabil pentru dimensiuni de pana la 2000 mm.<\/span><\/pre>","protected":false},"featured_media":1956,"comment_status":"open","ping_status":"closed","template":"","meta":[],"product_cat":[70],"product_tag":[],"class_list":{"0":"post-1953","1":"product","2":"type-product","3":"status-publish","4":"has-post-thumbnail","6":"product_cat-rotunde","8":"first","9":"onbackorder","10":"shipping-taxable","11":"purchasable","12":"product-type-simple"},"_links":{"self":[{"href":"https:\/\/tamtam.md\/ru\/wp-json\/wp\/v2\/product\/1953"}],"collection":[{"href":"https:\/\/tamtam.md\/ru\/wp-json\/wp\/v2\/product"}],"about":[{"href":"https:\/\/tamtam.md\/ru\/wp-json\/wp\/v2\/types\/product"}],"replies":[{"embeddable":true,"href":"https:\/\/tamtam.md\/ru\/wp-json\/wp\/v2\/comments?post=1953"}],"version-history":[{"count":5,"href":"https:\/\/tamtam.md\/ru\/wp-json\/wp\/v2\/product\/1953\/revisions"}],"predecessor-version":[{"id":2356,"href":"https:\/\/tamtam.md\/ru\/wp-json\/wp\/v2\/product\/1953\/revisions\/2356"}],"wp:featuredmedia":[{"embeddable":true,"href":"https:\/\/tamtam.md\/ru\/wp-json\/wp\/v2\/media\/1956"}],"wp:attachment":[{"href":"https:\/\/tamtam.md\/ru\/wp-json\/wp\/v2\/media?parent=1953"}],"wp:term":[{"taxonomy":"product_cat","embeddable":true,"href":"https:\/\/tamtam.md\/ru\/wp-json\/wp\/v2\/product_cat?post=1953"},{"taxonomy":"product_tag","embeddable":true,"href":"https:\/\/tamtam.md\/ru\/wp-json\/wp\/v2\/product_tag?post=1953"}],"curies":[{"name":"wp","href":"https:\/\/api.w.org\/{rel}","templated":true}]}}