{"id":1873,"date":"2024-09-26T17:45:28","date_gmt":"2024-09-26T17:45:28","guid":{"rendered":"https:\/\/tamtam.md\/?post_type=product&#038;p=1873"},"modified":"2025-11-27T14:08:43","modified_gmt":"2025-11-27T14:08:43","slug":"oglinda-organico","status":"publish","type":"product","link":"https:\/\/tamtam.md\/ru\/product\/oglinda-organico\/","title":{"rendered":"Oglind\u0103 Organico"},"content":{"rendered":"","protected":false},"excerpt":{"rendered":"<pre class=\"tw-data-text tw-text-large tw-ta\" dir=\"ltr\" tabindex=\"-1\" role=\"text\" data-placeholder=\"Translation\" data-ved=\"2ahUKEwipqM6prJKRAxWsFhAIHfd4C0wQ3ewLegQIDBAV\" aria-label=\"Translated text: O oglind\u0103 \u00een form\u0103 de und\u0103 este o pies\u0103 de mobilier decorativ\u0103 care se remarc\u0103 prin linii netede, curbe, care imit\u0103 mi\u0219carea apei.\"><span class=\"Y2IQFc\" lang=\"ro\">Oglind\u0103 Organico \u00een form\u0103 de und\u0103 este o pies\u0103 de mobilier decorativ\u0103 care se remarc\u0103 prin linii netede, curbe, care imit\u0103 mi\u0219carea apei.\r\n\r\n<\/span><\/pre>\n<pre id=\"tw-target-text\" class=\"tw-data-text tw-text-large tw-ta\" dir=\"ltr\" tabindex=\"-1\" role=\"text\" data-placeholder=\"Translation\" data-ved=\"2ahUKEwinodysnJKRAxWBKRAIHdlpIvsQ3ewLegQIDxAW\" aria-label=\"Translated text: Pretul este valabil pentru dimensiuni de pana la 2000 mm\"><span class=\"Y2IQFc\" lang=\"ro\">Pretul este valabil pentru dimensiuni de pana la 2000 mm.<\/span><\/pre>\n<pre id=\"tw-target-text\" class=\"tw-data-text tw-text-large tw-ta\" dir=\"ltr\" tabindex=\"-1\" role=\"text\" data-placeholder=\"Translation\" data-ved=\"2ahUKEwipqM6prJKRAxWsFhAIHfd4C0wQ3ewLegQIDBAV\" aria-label=\"Translated text: O oglind\u0103 \u00een form\u0103 de und\u0103 este o pies\u0103 de mobilier decorativ\u0103 care se remarc\u0103 prin linii netede, curbe, care imit\u0103 mi\u0219carea apei.\"><span class=\"Y2IQFc\" lang=\"ro\">\u00a0<\/span><\/pre>","protected":false},"featured_media":2005,"comment_status":"open","ping_status":"closed","template":"","meta":[],"product_cat":[22,72,70,73],"product_tag":[],"class_list":{"0":"post-1873","1":"product","2":"type-product","3":"status-publish","4":"has-post-thumbnail","6":"product_cat-decor","7":"product_cat-ovale","8":"product_cat-rotunde","9":"product_cat-rotungite","11":"first","12":"onbackorder","13":"shipping-taxable","14":"purchasable","15":"product-type-simple"},"_links":{"self":[{"href":"https:\/\/tamtam.md\/ru\/wp-json\/wp\/v2\/product\/1873"}],"collection":[{"href":"https:\/\/tamtam.md\/ru\/wp-json\/wp\/v2\/product"}],"about":[{"href":"https:\/\/tamtam.md\/ru\/wp-json\/wp\/v2\/types\/product"}],"replies":[{"embeddable":true,"href":"https:\/\/tamtam.md\/ru\/wp-json\/wp\/v2\/comments?post=1873"}],"version-history":[{"count":2,"href":"https:\/\/tamtam.md\/ru\/wp-json\/wp\/v2\/product\/1873\/revisions"}],"predecessor-version":[{"id":2365,"href":"https:\/\/tamtam.md\/ru\/wp-json\/wp\/v2\/product\/1873\/revisions\/2365"}],"wp:featuredmedia":[{"embeddable":true,"href":"https:\/\/tamtam.md\/ru\/wp-json\/wp\/v2\/media\/2005"}],"wp:attachment":[{"href":"https:\/\/tamtam.md\/ru\/wp-json\/wp\/v2\/media?parent=1873"}],"wp:term":[{"taxonomy":"product_cat","embeddable":true,"href":"https:\/\/tamtam.md\/ru\/wp-json\/wp\/v2\/product_cat?post=1873"},{"taxonomy":"product_tag","embeddable":true,"href":"https:\/\/tamtam.md\/ru\/wp-json\/wp\/v2\/product_tag?post=1873"}],"curies":[{"name":"wp","href":"https:\/\/api.w.org\/{rel}","templated":true}]}}