{"id":1849,"date":"2024-09-26T15:03:39","date_gmt":"2024-09-26T15:03:39","guid":{"rendered":"https:\/\/tamtam.md\/?post_type=product&#038;p=1849"},"modified":"2025-11-27T13:10:51","modified_gmt":"2025-11-27T13:10:51","slug":"oglinda-beatrice","status":"publish","type":"product","link":"https:\/\/tamtam.md\/ru\/product\/oglinda-beatrice\/","title":{"rendered":"Oglind\u0103 CAPSULA 03"},"content":{"rendered":"<pre id=\"tw-target-text\" class=\"tw-data-text tw-text-large tw-ta\" dir=\"ltr\" data-placeholder=\"Translation\" data-ved=\"2ahUKEwjW_Lz16N6IAxVugf0HHROkAcoQ3ewLegQICBAU\" aria-label=\"Translated text: Oglind\u0103 cu iluminare LED Alberta LED seria ST. Forma elegant\u0103 a oglinzii se combin\u0103 bine cu zonele de lumin\u0103 din partea de sus \u0219i de jos a produsului.\">Oglinda cu iluminare LED CAPSULA 03. Forma popular\u0103 a oglinzii se combin\u0103 bine cu tehnologia modern\u0103 de iluminare. Zonele luminoase str\u0103lucesc puternic \u0219i uniform<\/pre>","protected":false},"excerpt":{"rendered":"<p>Oglinda cu iluminare LED CAPSULA 03. Forma popular\u0103 a oglinzii se combin\u0103 bine cu tehnologia modern\u0103 de iluminare. Zonele luminoase str\u0103lucesc puternic \u0219i uniform.<\/p>\n<p>&nbsp;<\/p>\n<pre id=\"tw-target-text\" class=\"tw-data-text tw-text-large tw-ta\" dir=\"ltr\" tabindex=\"-1\" role=\"text\" data-placeholder=\"Translation\" data-ved=\"2ahUKEwinodysnJKRAxWBKRAIHdlpIvsQ3ewLegQIDxAW\" aria-label=\"Translated text: Pretul este valabil pentru dimensiuni de pana la 2000 mm\"><span class=\"Y2IQFc\" lang=\"ro\">Pretul este valabil pentru dimensiuni de pana la 2000 mm.<\/span><\/pre>\n<pre id=\"tw-target-text\" class=\"tw-data-text tw-text-large tw-ta\" dir=\"ltr\" data-placeholder=\"Translation\" data-ved=\"2ahUKEwjOi7as_NqIAxX0hv0HHcfDB5YQ3ewLegQIFRAU\" aria-label=\"Translated text: Zona de lumin\u0103 sub form\u0103 de inel de-a lungul circumferin\u021bei exterioare a produsului str\u0103luce\u0219te puternic \u0219i uniform, lumin\u00e2nd bine fa\u021ba \u0219i f\u0103r\u0103 umbre pe ea.\"><\/pre>","protected":false},"featured_media":1470,"comment_status":"open","ping_status":"closed","template":"","meta":[],"product_cat":[72],"product_tag":[],"class_list":{"0":"post-1849","1":"product","2":"type-product","3":"status-publish","4":"has-post-thumbnail","6":"product_cat-ovale","8":"first","9":"onbackorder","10":"shipping-taxable","11":"purchasable","12":"product-type-simple"},"_links":{"self":[{"href":"https:\/\/tamtam.md\/ru\/wp-json\/wp\/v2\/product\/1849"}],"collection":[{"href":"https:\/\/tamtam.md\/ru\/wp-json\/wp\/v2\/product"}],"about":[{"href":"https:\/\/tamtam.md\/ru\/wp-json\/wp\/v2\/types\/product"}],"replies":[{"embeddable":true,"href":"https:\/\/tamtam.md\/ru\/wp-json\/wp\/v2\/comments?post=1849"}],"version-history":[{"count":7,"href":"https:\/\/tamtam.md\/ru\/wp-json\/wp\/v2\/product\/1849\/revisions"}],"predecessor-version":[{"id":2367,"href":"https:\/\/tamtam.md\/ru\/wp-json\/wp\/v2\/product\/1849\/revisions\/2367"}],"wp:featuredmedia":[{"embeddable":true,"href":"https:\/\/tamtam.md\/ru\/wp-json\/wp\/v2\/media\/1470"}],"wp:attachment":[{"href":"https:\/\/tamtam.md\/ru\/wp-json\/wp\/v2\/media?parent=1849"}],"wp:term":[{"taxonomy":"product_cat","embeddable":true,"href":"https:\/\/tamtam.md\/ru\/wp-json\/wp\/v2\/product_cat?post=1849"},{"taxonomy":"product_tag","embeddable":true,"href":"https:\/\/tamtam.md\/ru\/wp-json\/wp\/v2\/product_tag?post=1849"}],"curies":[{"name":"wp","href":"https:\/\/api.w.org\/{rel}","templated":true}]}}