{"id":1846,"date":"2024-09-26T14:26:02","date_gmt":"2024-09-26T14:26:02","guid":{"rendered":"https:\/\/tamtam.md\/?post_type=product&#038;p=1846"},"modified":"2025-11-27T13:11:36","modified_gmt":"2025-11-27T13:11:36","slug":"oglinda-alice","status":"publish","type":"product","link":"https:\/\/tamtam.md\/ru\/product\/oglinda-alice\/","title":{"rendered":"Oglind\u0103 CAPSULA 01"},"content":{"rendered":"<pre id=\"tw-target-text\" class=\"tw-data-text tw-text-large tw-ta\" dir=\"ltr\" data-placeholder=\"Translation\" data-ved=\"2ahUKEwjW_Lz16N6IAxVugf0HHROkAcoQ3ewLegQICBAU\" aria-label=\"Translated text: Oglind\u0103 cu iluminare LED Alice LED seria ST. Banda de lumin\u0103 de-a lungul perimetrului produsului str\u0103luce\u0219te puternic \u0219i uniform, lumin\u00e2nd bine fa\u021ba \u0219i f\u0103r\u0103 umbre pe ea. Grosimea structurii produsului este de 30 mm. Oglinda poate fi folosit\u0103 \u00een siguran\u021b\u0103 \u00een baie:\"><span class=\"Y2IQFc\" lang=\"ro\">Oglind\u0103 cu iluminare LED CAPSULA 01. Banda de lumin\u0103 de-a lungul perimetrului produsului str\u0103luce\u0219te puternic \u0219i uniform, lumin\u00e2nd bine fa\u021ba \u0219i f\u0103r\u0103 umbre pe ea. <\/span><\/pre>","protected":false},"excerpt":{"rendered":"<pre class=\"tw-data-text tw-text-large tw-ta\" dir=\"ltr\" data-placeholder=\"Translation\" data-ved=\"2ahUKEwjW_Lz16N6IAxVugf0HHROkAcoQ3ewLegQICBAU\" aria-label=\"Translated text: Oglind\u0103 cu iluminare LED Alice LED seria ST. Banda de lumin\u0103 de-a lungul perimetrului produsului str\u0103luce\u0219te puternic \u0219i uniform, lumin\u00e2nd bine fa\u021ba \u0219i f\u0103r\u0103 umbre pe ea. Grosimea structurii produsului este de 30 mm. Oglinda poate fi folosit\u0103 \u00een siguran\u021b\u0103 \u00een baie:\"><span class=\"Y2IQFc\" lang=\"ro\">Oglind\u0103 cu iluminare LED CAPSULA 01. Banda de lumin\u0103 de-a lungul perimetrului produsului str\u0103luce\u0219te puternic \u0219i uniform, lumin\u00e2nd bine fa\u021ba \u0219i f\u0103r\u0103 umbre pe ea.\r\n\r\n<\/span><\/pre>\n<pre id=\"tw-target-text\" class=\"tw-data-text tw-text-large tw-ta\" dir=\"ltr\" tabindex=\"-1\" role=\"text\" data-placeholder=\"Translation\" data-ved=\"2ahUKEwinodysnJKRAxWBKRAIHdlpIvsQ3ewLegQIDxAW\" aria-label=\"Translated text: Pretul este valabil pentru dimensiuni de pana la 2000 mm\"><span class=\"Y2IQFc\" lang=\"ro\">Pretul este valabil pentru dimensiuni de pana la 2000 mm.<\/span><\/pre>\n<pre id=\"tw-target-text\" class=\"tw-data-text tw-text-large tw-ta\" dir=\"ltr\" data-placeholder=\"Translation\" data-ved=\"2ahUKEwjOi7as_NqIAxX0hv0HHcfDB5YQ3ewLegQIFRAU\" aria-label=\"Translated text: Zona de lumin\u0103 sub form\u0103 de inel de-a lungul circumferin\u021bei exterioare a produsului str\u0103luce\u0219te puternic \u0219i uniform, lumin\u00e2nd bine fa\u021ba \u0219i f\u0103r\u0103 umbre pe ea.\"><\/pre>","protected":false},"featured_media":2009,"comment_status":"open","ping_status":"closed","template":"","meta":[],"product_cat":[72,70],"product_tag":[],"class_list":{"0":"post-1846","1":"product","2":"type-product","3":"status-publish","4":"has-post-thumbnail","6":"product_cat-ovale","7":"product_cat-rotunde","9":"first","10":"onbackorder","11":"shipping-taxable","12":"purchasable","13":"product-type-simple"},"_links":{"self":[{"href":"https:\/\/tamtam.md\/ru\/wp-json\/wp\/v2\/product\/1846"}],"collection":[{"href":"https:\/\/tamtam.md\/ru\/wp-json\/wp\/v2\/product"}],"about":[{"href":"https:\/\/tamtam.md\/ru\/wp-json\/wp\/v2\/types\/product"}],"replies":[{"embeddable":true,"href":"https:\/\/tamtam.md\/ru\/wp-json\/wp\/v2\/comments?post=1846"}],"version-history":[{"count":7,"href":"https:\/\/tamtam.md\/ru\/wp-json\/wp\/v2\/product\/1846\/revisions"}],"predecessor-version":[{"id":2368,"href":"https:\/\/tamtam.md\/ru\/wp-json\/wp\/v2\/product\/1846\/revisions\/2368"}],"wp:featuredmedia":[{"embeddable":true,"href":"https:\/\/tamtam.md\/ru\/wp-json\/wp\/v2\/media\/2009"}],"wp:attachment":[{"href":"https:\/\/tamtam.md\/ru\/wp-json\/wp\/v2\/media?parent=1846"}],"wp:term":[{"taxonomy":"product_cat","embeddable":true,"href":"https:\/\/tamtam.md\/ru\/wp-json\/wp\/v2\/product_cat?post=1846"},{"taxonomy":"product_tag","embeddable":true,"href":"https:\/\/tamtam.md\/ru\/wp-json\/wp\/v2\/product_tag?post=1846"}],"curies":[{"name":"wp","href":"https:\/\/api.w.org\/{rel}","templated":true}]}}