{"id":1841,"date":"2024-09-26T14:18:10","date_gmt":"2024-09-26T14:18:10","guid":{"rendered":"https:\/\/tamtam.md\/?post_type=product&#038;p=1841"},"modified":"2025-11-27T13:12:12","modified_gmt":"2025-11-27T13:12:12","slug":"oglinda-alberta","status":"publish","type":"product","link":"https:\/\/tamtam.md\/ru\/product\/oglinda-alberta\/","title":{"rendered":"Oglind\u0103 CAPSULA 04"},"content":{"rendered":"<pre id=\"tw-target-text\" class=\"tw-data-text tw-text-large tw-ta\" dir=\"ltr\" data-placeholder=\"Translation\" data-ved=\"2ahUKEwjW_Lz16N6IAxVugf0HHROkAcoQ3ewLegQICBAU\" aria-label=\"Translated text: Oglind\u0103 cu iluminare LED Alberta LED seria ST. Forma elegant\u0103 a oglinzii se combin\u0103 bine cu zonele de lumin\u0103 din partea de sus \u0219i de jos a produsului.\"><span class=\"Y2IQFc\" lang=\"ro\">Oglind\u0103 cu iluminare LED CAPSULA 04. Forma elegant\u0103 a oglinzii se combin\u0103 bine cu zonele de lumin\u0103 din partea de sus \u0219i de jos a produsului.<\/span><\/pre>","protected":false},"excerpt":{"rendered":"<p><span class=\"Y2IQFc\" lang=\"ro\">Oglind\u0103 cu iluminare LED CAPSULA 04. Forma elegant\u0103 a oglinzii se combin\u0103 bine cu zonele de lumin\u0103 din partea de sus \u0219i de jos a produsului.<\/span><\/p>\n<p>&nbsp;<\/p>\n<pre id=\"tw-target-text\" class=\"tw-data-text tw-text-large tw-ta\" dir=\"ltr\" tabindex=\"-1\" role=\"text\" data-placeholder=\"Translation\" data-ved=\"2ahUKEwinodysnJKRAxWBKRAIHdlpIvsQ3ewLegQIDxAW\" aria-label=\"Translated text: Pretul este valabil pentru dimensiuni de pana la 2000 mm\"><span class=\"Y2IQFc\" lang=\"ro\">Pretul este valabil pentru dimensiuni de pana la 2000 mm.<\/span><\/pre>\n<pre id=\"tw-target-text\" class=\"tw-data-text tw-text-large tw-ta\" dir=\"ltr\" data-placeholder=\"Translation\" data-ved=\"2ahUKEwjOi7as_NqIAxX0hv0HHcfDB5YQ3ewLegQIFRAU\" aria-label=\"Translated text: Zona de lumin\u0103 sub form\u0103 de inel de-a lungul circumferin\u021bei exterioare a produsului str\u0103luce\u0219te puternic \u0219i uniform, lumin\u00e2nd bine fa\u021ba \u0219i f\u0103r\u0103 umbre pe ea.\"><\/pre>","protected":false},"featured_media":1845,"comment_status":"open","ping_status":"closed","template":"","meta":[],"product_cat":[72,70],"product_tag":[],"class_list":{"0":"post-1841","1":"product","2":"type-product","3":"status-publish","4":"has-post-thumbnail","6":"product_cat-ovale","7":"product_cat-rotunde","9":"first","10":"onbackorder","11":"shipping-taxable","12":"purchasable","13":"product-type-simple"},"_links":{"self":[{"href":"https:\/\/tamtam.md\/ru\/wp-json\/wp\/v2\/product\/1841"}],"collection":[{"href":"https:\/\/tamtam.md\/ru\/wp-json\/wp\/v2\/product"}],"about":[{"href":"https:\/\/tamtam.md\/ru\/wp-json\/wp\/v2\/types\/product"}],"replies":[{"embeddable":true,"href":"https:\/\/tamtam.md\/ru\/wp-json\/wp\/v2\/comments?post=1841"}],"version-history":[{"count":6,"href":"https:\/\/tamtam.md\/ru\/wp-json\/wp\/v2\/product\/1841\/revisions"}],"predecessor-version":[{"id":2369,"href":"https:\/\/tamtam.md\/ru\/wp-json\/wp\/v2\/product\/1841\/revisions\/2369"}],"wp:featuredmedia":[{"embeddable":true,"href":"https:\/\/tamtam.md\/ru\/wp-json\/wp\/v2\/media\/1845"}],"wp:attachment":[{"href":"https:\/\/tamtam.md\/ru\/wp-json\/wp\/v2\/media?parent=1841"}],"wp:term":[{"taxonomy":"product_cat","embeddable":true,"href":"https:\/\/tamtam.md\/ru\/wp-json\/wp\/v2\/product_cat?post=1841"},{"taxonomy":"product_tag","embeddable":true,"href":"https:\/\/tamtam.md\/ru\/wp-json\/wp\/v2\/product_tag?post=1841"}],"curies":[{"name":"wp","href":"https:\/\/api.w.org\/{rel}","templated":true}]}}