{"id":1834,"date":"2024-09-25T08:32:04","date_gmt":"2024-09-25T08:32:04","guid":{"rendered":"https:\/\/tamtam.md\/?post_type=product&#038;p=1834"},"modified":"2025-11-27T14:07:28","modified_gmt":"2025-11-27T14:07:28","slug":"oglinda-celeste-2","status":"publish","type":"product","link":"https:\/\/tamtam.md\/ru\/product\/oglinda-celeste-2\/","title":{"rendered":"Oglind\u0103 RUNDA 02"},"content":{"rendered":"<pre id=\"tw-target-text\" class=\"tw-data-text tw-text-large tw-ta\" dir=\"ltr\" data-placeholder=\"Translation\" data-ved=\"2ahUKEwjOi7as_NqIAxX0hv0HHcfDB5YQ3ewLegQIFRAU\" aria-label=\"Translated text: Zona de lumin\u0103 sub form\u0103 de inel de-a lungul circumferin\u021bei exterioare a produsului str\u0103luce\u0219te puternic \u0219i uniform, lumin\u00e2nd bine fa\u021ba \u0219i f\u0103r\u0103 umbre pe ea.\">Oglind\u0103 cu iluminare LED RUNDA 02. Combina\u021bia fluxurilor de lumin\u0103 \u00een jurul acestei oglinzi este admirabil\u0103. Datorit\u0103 tehnologiei moderne de iluminare LED, oglinda are o structur\u0103 sub\u021bire. Grosimea \u00een zona luminii este de numai 24 mm, toate sec\u021biunile lumineaz\u0103 uniform. Pute\u021bi s\u0103 comanda\u021bi diametrul individual!<\/pre>","protected":false},"excerpt":{"rendered":"<p>Oglind\u0103 cu iluminare LED RUNDA 02.<\/p>\n<p>&nbsp;<\/p>\n<pre id=\"tw-target-text\" class=\"tw-data-text tw-text-large tw-ta\" dir=\"ltr\" tabindex=\"-1\" role=\"text\" data-placeholder=\"Translation\" data-ved=\"2ahUKEwinodysnJKRAxWBKRAIHdlpIvsQ3ewLegQIDxAW\" aria-label=\"Translated text: Pretul este valabil pentru dimensiuni de pana la 2000 mm\"><span class=\"Y2IQFc\" lang=\"ro\">Pretul este valabil pentru dimensiuni de pana la 2000 mm.<\/span><\/pre>","protected":false},"featured_media":1479,"comment_status":"open","ping_status":"closed","template":"","meta":[],"product_cat":[70],"product_tag":[],"class_list":{"0":"post-1834","1":"product","2":"type-product","3":"status-publish","4":"has-post-thumbnail","6":"product_cat-rotunde","8":"first","9":"onbackorder","10":"shipping-taxable","11":"purchasable","12":"product-type-simple"},"_links":{"self":[{"href":"https:\/\/tamtam.md\/ru\/wp-json\/wp\/v2\/product\/1834"}],"collection":[{"href":"https:\/\/tamtam.md\/ru\/wp-json\/wp\/v2\/product"}],"about":[{"href":"https:\/\/tamtam.md\/ru\/wp-json\/wp\/v2\/types\/product"}],"replies":[{"embeddable":true,"href":"https:\/\/tamtam.md\/ru\/wp-json\/wp\/v2\/comments?post=1834"}],"version-history":[{"count":7,"href":"https:\/\/tamtam.md\/ru\/wp-json\/wp\/v2\/product\/1834\/revisions"}],"predecessor-version":[{"id":2372,"href":"https:\/\/tamtam.md\/ru\/wp-json\/wp\/v2\/product\/1834\/revisions\/2372"}],"wp:featuredmedia":[{"embeddable":true,"href":"https:\/\/tamtam.md\/ru\/wp-json\/wp\/v2\/media\/1479"}],"wp:attachment":[{"href":"https:\/\/tamtam.md\/ru\/wp-json\/wp\/v2\/media?parent=1834"}],"wp:term":[{"taxonomy":"product_cat","embeddable":true,"href":"https:\/\/tamtam.md\/ru\/wp-json\/wp\/v2\/product_cat?post=1834"},{"taxonomy":"product_tag","embeddable":true,"href":"https:\/\/tamtam.md\/ru\/wp-json\/wp\/v2\/product_tag?post=1834"}],"curies":[{"name":"wp","href":"https:\/\/api.w.org\/{rel}","templated":true}]}}