{"id":1831,"date":"2024-09-25T08:30:02","date_gmt":"2024-09-25T08:30:02","guid":{"rendered":"https:\/\/tamtam.md\/?post_type=product&#038;p=1831"},"modified":"2025-11-27T14:08:13","modified_gmt":"2025-11-27T14:08:13","slug":"oglinda-de-machiaj-hollywood-new-r-2","status":"publish","type":"product","link":"https:\/\/tamtam.md\/ru\/product\/oglinda-de-machiaj-hollywood-new-r-2\/","title":{"rendered":"Oglind\u0103 HollyWood  R"},"content":{"rendered":"<p>Oglinda pentru make-up Hollywood este o alegere minunat\u0103 pentru saloane de frumuse\u021be, precum \u0219i pentru uz casnic. Aceast\u0103 oglind\u0103 v\u0103 lumineaz\u0103 perfect fa\u021ba f\u0103r\u0103 a l\u0103sa umbre ,pentru machiajul dvs. perfect. Op\u021biuni utile:<\/p>\n<ul>\n<li>L\u0103mpi LED : consum redus de energie, luminozitate ridicat\u0103, 50 mii de ore de func\u021bionare f\u0103r\u0103 intrerupere.<\/li>\n<li>Dimmer \u00eencorporat &#8211; regleaz\u0103 luminozitatea pentru a alege lumina potrivit\u0103 pentru machiaj.<\/li>\n<\/ul>","protected":false},"excerpt":{"rendered":"<p>Oglinda pentru make-up Hollywood R este o alegere minunat\u0103 pentru saloane de frumuse\u021be, precum \u0219i pentru uz casnic.<\/p>\n<p>&nbsp;<\/p>\n<pre id=\"tw-target-text\" class=\"tw-data-text tw-text-large tw-ta\" dir=\"ltr\" tabindex=\"-1\" role=\"text\" data-placeholder=\"Translation\" data-ved=\"2ahUKEwinodysnJKRAxWBKRAIHdlpIvsQ3ewLegQIDxAW\" aria-label=\"Translated text: Pretul este valabil pentru dimensiuni de pana la 2000 mm\"><span class=\"Y2IQFc\" lang=\"ro\">Pretul este valabil pentru dimensiuni de pana la 2000 mm.<\/span><\/pre>","protected":false},"featured_media":1461,"comment_status":"open","ping_status":"closed","template":"","meta":[],"product_cat":[70],"product_tag":[],"class_list":{"0":"post-1831","1":"product","2":"type-product","3":"status-publish","4":"has-post-thumbnail","6":"product_cat-rotunde","8":"first","9":"onbackorder","10":"shipping-taxable","11":"purchasable","12":"product-type-simple"},"_links":{"self":[{"href":"https:\/\/tamtam.md\/ru\/wp-json\/wp\/v2\/product\/1831"}],"collection":[{"href":"https:\/\/tamtam.md\/ru\/wp-json\/wp\/v2\/product"}],"about":[{"href":"https:\/\/tamtam.md\/ru\/wp-json\/wp\/v2\/types\/product"}],"replies":[{"embeddable":true,"href":"https:\/\/tamtam.md\/ru\/wp-json\/wp\/v2\/comments?post=1831"}],"version-history":[{"count":4,"href":"https:\/\/tamtam.md\/ru\/wp-json\/wp\/v2\/product\/1831\/revisions"}],"predecessor-version":[{"id":2373,"href":"https:\/\/tamtam.md\/ru\/wp-json\/wp\/v2\/product\/1831\/revisions\/2373"}],"wp:featuredmedia":[{"embeddable":true,"href":"https:\/\/tamtam.md\/ru\/wp-json\/wp\/v2\/media\/1461"}],"wp:attachment":[{"href":"https:\/\/tamtam.md\/ru\/wp-json\/wp\/v2\/media?parent=1831"}],"wp:term":[{"taxonomy":"product_cat","embeddable":true,"href":"https:\/\/tamtam.md\/ru\/wp-json\/wp\/v2\/product_cat?post=1831"},{"taxonomy":"product_tag","embeddable":true,"href":"https:\/\/tamtam.md\/ru\/wp-json\/wp\/v2\/product_tag?post=1831"}],"curies":[{"name":"wp","href":"https:\/\/api.w.org\/{rel}","templated":true}]}}