{"id":1829,"date":"2024-09-25T08:28:29","date_gmt":"2024-09-25T08:28:29","guid":{"rendered":"https:\/\/tamtam.md\/?post_type=product&#038;p=1829"},"modified":"2025-11-27T14:09:21","modified_gmt":"2025-11-27T14:09:21","slug":"oglinda-moon-ambilight-2","status":"publish","type":"product","link":"https:\/\/tamtam.md\/ru\/product\/oglinda-moon-ambilight-2\/","title":{"rendered":"Oglind\u0103 SEMICERC S"},"content":{"rendered":"<pre id=\"tw-target-text\" class=\"tw-data-text tw-text-large tw-ta\" dir=\"ltr\" data-placeholder=\"\u041f\u0435\u0440\u0435\u0432\u043e\u0434\" data-ved=\"2ahUKEwiPm9fV-u-JAxWWgP0HHXNbGG4Q3ewLegQIDxAU\" aria-label=\"\u041f\u0435\u0440\u0435\u0432\u0435\u0434\u0435\u043d\u043d\u044b\u0439 \u0442\u0435\u043a\u0441\u0442: Oglinda Moon cu iluminare de contur ambilight are forma unei p\u0103r\u021bi de cerc, t\u0103iat\u0103 \u00een linie dreapt\u0103 pe o parte. Iluminarea vine din spatele oglinzii, lumin\u00e2nd frumos camera cu o str\u0103lucire moale.\"><span class=\"Y2IQFc\" lang=\"ro\">Oglinda SEMICERC S cu iluminare de contur ambilight are forma unei p\u0103r\u021bi de cerc, t\u0103iat\u0103 \u00een linie dreapt\u0103 pe o parte. Iluminarea vine din spatele oglinzii, lumin\u00e2nd frumos camera cu o str\u0103lucire moale.<\/span><\/pre>","protected":false},"excerpt":{"rendered":"<p><span class=\"Y2IQFc\" lang=\"ro\">Oglinda SEMICERC S cu iluminare de contur ambilight are forma unei p\u0103r\u021bi de cerc, t\u0103iat\u0103 \u00een linie dreapt\u0103 pe o parte.<\/span><\/p>\n<p>&nbsp;<\/p>\n<pre id=\"tw-target-text\" class=\"tw-data-text tw-text-large tw-ta\" dir=\"ltr\" tabindex=\"-1\" role=\"text\" data-placeholder=\"Translation\" data-ved=\"2ahUKEwinodysnJKRAxWBKRAIHdlpIvsQ3ewLegQIDxAW\" aria-label=\"Translated text: Pretul este valabil pentru dimensiuni de pana la 2000 mm\"><span class=\"Y2IQFc\" lang=\"ro\">Pretul este valabil pentru dimensiuni de pana la 2000 mm.<\/span><\/pre>","protected":false},"featured_media":1455,"comment_status":"open","ping_status":"closed","template":"","meta":[],"product_cat":[72,70,73],"product_tag":[],"class_list":{"0":"post-1829","1":"product","2":"type-product","3":"status-publish","4":"has-post-thumbnail","6":"product_cat-ovale","7":"product_cat-rotunde","8":"product_cat-rotungite","10":"first","11":"onbackorder","12":"shipping-taxable","13":"purchasable","14":"product-type-simple"},"_links":{"self":[{"href":"https:\/\/tamtam.md\/ru\/wp-json\/wp\/v2\/product\/1829"}],"collection":[{"href":"https:\/\/tamtam.md\/ru\/wp-json\/wp\/v2\/product"}],"about":[{"href":"https:\/\/tamtam.md\/ru\/wp-json\/wp\/v2\/types\/product"}],"replies":[{"embeddable":true,"href":"https:\/\/tamtam.md\/ru\/wp-json\/wp\/v2\/comments?post=1829"}],"version-history":[{"count":7,"href":"https:\/\/tamtam.md\/ru\/wp-json\/wp\/v2\/product\/1829\/revisions"}],"predecessor-version":[{"id":2374,"href":"https:\/\/tamtam.md\/ru\/wp-json\/wp\/v2\/product\/1829\/revisions\/2374"}],"wp:featuredmedia":[{"embeddable":true,"href":"https:\/\/tamtam.md\/ru\/wp-json\/wp\/v2\/media\/1455"}],"wp:attachment":[{"href":"https:\/\/tamtam.md\/ru\/wp-json\/wp\/v2\/media?parent=1829"}],"wp:term":[{"taxonomy":"product_cat","embeddable":true,"href":"https:\/\/tamtam.md\/ru\/wp-json\/wp\/v2\/product_cat?post=1829"},{"taxonomy":"product_tag","embeddable":true,"href":"https:\/\/tamtam.md\/ru\/wp-json\/wp\/v2\/product_tag?post=1829"}],"curies":[{"name":"wp","href":"https:\/\/api.w.org\/{rel}","templated":true}]}}