{"id":1825,"date":"2024-09-25T08:24:49","date_gmt":"2024-09-25T08:24:49","guid":{"rendered":"https:\/\/tamtam.md\/?post_type=product&#038;p=1825"},"modified":"2025-11-27T14:10:26","modified_gmt":"2025-11-27T14:10:26","slug":"oglinda-sun-rise-2-ambilight","status":"publish","type":"product","link":"https:\/\/tamtam.md\/ru\/product\/oglinda-sun-rise-2-ambilight\/","title":{"rendered":"Oglind\u0103 SEMICERC S2"},"content":{"rendered":"<p><span class=\"Y2IQFc\" lang=\"ro\">Oglind\u0103 Sun Rise 2 cu iluminare pe contur ambilight.<\/span><\/p>\n<pre id=\"tw-target-text\" class=\"tw-data-text tw-text-large tw-ta\" dir=\"ltr\" data-placeholder=\"Translation\" data-ved=\"2ahUKEwjOi7as_NqIAxX0hv0HHcfDB5YQ3ewLegQIFRAU\" aria-label=\"Translated text: Forma Sun Rise 2 este o compozi\u021bie din dou\u0103 p\u0103r\u021bi dintr-un singur cerc, care este t\u0103iat \u00een linie dreapt\u0103 pe o parte. P\u0103r\u021bile oglinzii sunt \u00eemp\u0103r\u021bite \u00eentre ele \u00een \u00een\u0103l\u021bime, ceea ce v\u0103 permite s\u0103 instala\u021bi o chiuvet\u0103 sau un blat de mas\u0103 de machiaj \u00eentre ele. Rezultatul este o compozi\u021bie unic\u0103 foarte frumoas\u0103 a blatului mesei \u0219i a p\u0103r\u021bilor cercului oglinzii deasupra \u0219i dedesubtul mesei.\"><span class=\"Y2IQFc\" lang=\"ro\">Forma SEMICERC S2 este o compozi\u021bie din dou\u0103 p\u0103r\u021bi dintr-un singur cerc, care este t\u0103iat \u00een linie dreapt\u0103 pe o parte. P\u0103r\u021bile oglinzii sunt \u00eemp\u0103r\u021bite \u00eentre ele \u00een \u00een\u0103l\u021bime, ceea ce v\u0103 permite s\u0103 instala\u021bi o chiuvet\u0103 sau un blat de mas\u0103 de machiaj \u00eentre ele. Rezultatul este o compozi\u021bie unic\u0103 foarte frumoas\u0103 a blatului mesei \u0219i a p\u0103r\u021bilor cercului oglinzii deasupra \u0219i dedesubtul mesei.<\/span><\/pre>","protected":false},"excerpt":{"rendered":"<div id=\"tw-target-text-container\" class=\"tw-ta-container F0azHf tw-nfl\" tabindex=\"0\">\n<pre class=\"tw-data-text tw-text-large tw-ta\" dir=\"ltr\" data-placeholder=\"Translation\" data-ved=\"2ahUKEwjOi7as_NqIAxX0hv0HHcfDB5YQ3ewLegQIFRAU\" aria-label=\"Translated text: Mirror Sun Rise 2 cu iluminare de contur ambilight.\"><span class=\"Y2IQFc\" lang=\"ro\">Oglind\u0103 SEMICERC S2 cu iluminare pe contur ambilight.\r\n\r\n<\/span><\/pre>\n<pre id=\"tw-target-text\" class=\"tw-data-text tw-text-large tw-ta\" dir=\"ltr\" tabindex=\"-1\" role=\"text\" data-placeholder=\"Translation\" data-ved=\"2ahUKEwinodysnJKRAxWBKRAIHdlpIvsQ3ewLegQIDxAW\" aria-label=\"Translated text: Pretul este valabil pentru dimensiuni de pana la 2000 mm\"><span class=\"Y2IQFc\" lang=\"ro\">Pretul este valabil pentru dimensiuni de pana la 2000 mm.<\/span><\/pre>\n<pre id=\"tw-target-text\" class=\"tw-data-text tw-text-large tw-ta\" dir=\"ltr\" data-placeholder=\"Translation\" data-ved=\"2ahUKEwjOi7as_NqIAxX0hv0HHcfDB5YQ3ewLegQIFRAU\" aria-label=\"Translated text: Mirror Sun Rise 2 cu iluminare de contur ambilight.\"><span class=\"Y2IQFc\" lang=\"ro\">\u00a0<\/span><\/pre>\n<\/div>\n<div id=\"tw-target-rmn-container\" class=\"tw-target-rmn tw-ta-container F0azHf tw-nfl\">\n<pre id=\"tw-target-rmn\" class=\"tw-data-placeholder tw-text-small tw-ta\" dir=\"ltr\" data-placeholder=\"\"><\/pre>\n<\/div>\n<div class=\"iYB33c\">\n<div class=\"dlJLJe\">\n<div data-cviv=\"false\" data-ved=\"2ahUKEwjOi7as_NqIAxX0hv0HHcfDB5YQz_AEegQIFRAV\">\n<div class=\"U9URNb\"><img decoding=\"async\" id=\"dimg_s17yZo7mOvSN9u8Px4efsAk_3\" class=\"YQ4gaf zr758c wA1Bge\" src=\"data:image\/png;base64,iVBORw0KGgoAAAANSUhEUgAAABQAAAAUCAQAAAAngNWGAAAA\/0lEQVR4AYXNMSiEcRyA4cfmGHQbCZIipkuxnJgMStlMNmeyD2dwmc8+sZgxYJd9ErIZFHUyYYD7fkr6l4\/rnvmtl7+KitrqV\/fq2Y5eLY3Z9S48eRLe7BmVZ9qhTLhQ0algzZWQOVKSsCF8OjAnwbxDTWFDUhPK\/jMr1H6HE\/IqRky2DyvCefuwItwZzodVoYRiLqMkVCXrwpJ9twZ+sgfDYEFYl8wIWxZ9uFf7zkallxlJh4YrLGsKjZRx7VGHhLqwgFUN45DGdb8MeXGpgB4ABZdeDcpZEY51A+hyLKz4S1W4MQWm3AibWtgWmk6dyISa1pSdyWTOlLXVp0+eL9D\/ZPfBTNanAAAAAElFTkSuQmCC\" alt=\"Community Verified icon\" width=\"16\" height=\"16\" data-csiid=\"s17yZo7mOvSN9u8Px4efsAk_5\" data-atf=\"0\" \/><\/div>\n<\/div>\n<\/div>\n<\/div>","protected":false},"featured_media":1863,"comment_status":"open","ping_status":"closed","template":"","meta":[],"product_cat":[22,72,70,73],"product_tag":[],"class_list":{"0":"post-1825","1":"product","2":"type-product","3":"status-publish","4":"has-post-thumbnail","6":"product_cat-decor","7":"product_cat-ovale","8":"product_cat-rotunde","9":"product_cat-rotungite","11":"first","12":"onbackorder","13":"shipping-taxable","14":"purchasable","15":"product-type-simple"},"_links":{"self":[{"href":"https:\/\/tamtam.md\/ru\/wp-json\/wp\/v2\/product\/1825"}],"collection":[{"href":"https:\/\/tamtam.md\/ru\/wp-json\/wp\/v2\/product"}],"about":[{"href":"https:\/\/tamtam.md\/ru\/wp-json\/wp\/v2\/types\/product"}],"replies":[{"embeddable":true,"href":"https:\/\/tamtam.md\/ru\/wp-json\/wp\/v2\/comments?post=1825"}],"version-history":[{"count":4,"href":"https:\/\/tamtam.md\/ru\/wp-json\/wp\/v2\/product\/1825\/revisions"}],"predecessor-version":[{"id":2376,"href":"https:\/\/tamtam.md\/ru\/wp-json\/wp\/v2\/product\/1825\/revisions\/2376"}],"wp:featuredmedia":[{"embeddable":true,"href":"https:\/\/tamtam.md\/ru\/wp-json\/wp\/v2\/media\/1863"}],"wp:attachment":[{"href":"https:\/\/tamtam.md\/ru\/wp-json\/wp\/v2\/media?parent=1825"}],"wp:term":[{"taxonomy":"product_cat","embeddable":true,"href":"https:\/\/tamtam.md\/ru\/wp-json\/wp\/v2\/product_cat?post=1825"},{"taxonomy":"product_tag","embeddable":true,"href":"https:\/\/tamtam.md\/ru\/wp-json\/wp\/v2\/product_tag?post=1825"}],"curies":[{"name":"wp","href":"https:\/\/api.w.org\/{rel}","templated":true}]}}