{"id":1823,"date":"2024-09-25T08:23:32","date_gmt":"2024-09-25T08:23:32","guid":{"rendered":"https:\/\/tamtam.md\/?post_type=product&#038;p=1823"},"modified":"2025-11-27T14:21:25","modified_gmt":"2025-11-27T14:21:25","slug":"oglinda-perla","status":"publish","type":"product","link":"https:\/\/tamtam.md\/ru\/product\/oglinda-perla\/","title":{"rendered":"Oglind\u0103  RUNDA 03"},"content":{"rendered":"<p>Oglind\u0103 cu iluminare LED RUNDA 03. Oglinda rotund\u0103 elegant\u0103 cu un cerc uniform luminos . Pute\u021bi comanda un produs de orice diametru!<\/p>","protected":false},"excerpt":{"rendered":"<p>Oglind\u0103 cu iluminare LED RUNDA 03. Oglinda rotund\u0103 elegant\u0103 cu un cerc uniform luminos .<\/p>\n<p>&nbsp;<\/p>\n<pre id=\"tw-target-text\" class=\"tw-data-text tw-text-large tw-ta\" dir=\"ltr\" tabindex=\"-1\" role=\"text\" data-placeholder=\"Translation\" data-ved=\"2ahUKEwinodysnJKRAxWBKRAIHdlpIvsQ3ewLegQIDxAW\" aria-label=\"Translated text: Pretul este valabil pentru dimensiuni de pana la 2000 mm\"><span class=\"Y2IQFc\" lang=\"ro\">Pretul este valabil pentru dimensiuni de pana la 2000 mm.<\/span><\/pre>","protected":false},"featured_media":1473,"comment_status":"open","ping_status":"closed","template":"","meta":[],"product_cat":[70],"product_tag":[],"class_list":{"0":"post-1823","1":"product","2":"type-product","3":"status-publish","4":"has-post-thumbnail","6":"product_cat-rotunde","8":"first","9":"onbackorder","10":"shipping-taxable","11":"purchasable","12":"product-type-simple"},"_links":{"self":[{"href":"https:\/\/tamtam.md\/ru\/wp-json\/wp\/v2\/product\/1823"}],"collection":[{"href":"https:\/\/tamtam.md\/ru\/wp-json\/wp\/v2\/product"}],"about":[{"href":"https:\/\/tamtam.md\/ru\/wp-json\/wp\/v2\/types\/product"}],"replies":[{"embeddable":true,"href":"https:\/\/tamtam.md\/ru\/wp-json\/wp\/v2\/comments?post=1823"}],"version-history":[{"count":4,"href":"https:\/\/tamtam.md\/ru\/wp-json\/wp\/v2\/product\/1823\/revisions"}],"predecessor-version":[{"id":2377,"href":"https:\/\/tamtam.md\/ru\/wp-json\/wp\/v2\/product\/1823\/revisions\/2377"}],"wp:featuredmedia":[{"embeddable":true,"href":"https:\/\/tamtam.md\/ru\/wp-json\/wp\/v2\/media\/1473"}],"wp:attachment":[{"href":"https:\/\/tamtam.md\/ru\/wp-json\/wp\/v2\/media?parent=1823"}],"wp:term":[{"taxonomy":"product_cat","embeddable":true,"href":"https:\/\/tamtam.md\/ru\/wp-json\/wp\/v2\/product_cat?post=1823"},{"taxonomy":"product_tag","embeddable":true,"href":"https:\/\/tamtam.md\/ru\/wp-json\/wp\/v2\/product_tag?post=1823"}],"curies":[{"name":"wp","href":"https:\/\/api.w.org\/{rel}","templated":true}]}}