{"id":1821,"date":"2024-09-24T22:13:41","date_gmt":"2024-09-24T22:13:41","guid":{"rendered":"https:\/\/tamtam.md\/?post_type=product&#038;p=1821"},"modified":"2025-11-27T14:21:51","modified_gmt":"2025-11-27T14:21:51","slug":"oglinda-natalina","status":"publish","type":"product","link":"https:\/\/tamtam.md\/ru\/product\/oglinda-natalina\/","title":{"rendered":"Oglind\u0103 EGAL"},"content":{"rendered":"<p><span class=\"Y2IQFc\" lang=\"ro\">Oglinda dreptunghiulara cu iluminare LED EGAL. Dungile luminoase de-a lungul marginilor orizontale ale produsului str\u0103lucesc puternic \u0219i uniform, lumin\u00e2nd bine fa\u021ba \u0219i f\u0103r\u0103 a l\u0103sa umbre pe ea. Oglinda poate fi folosit\u0103 \u00een siguran\u021b\u0103 \u00een baie: Standardul IP44 asigur\u0103 func\u021bionarea \u0219i siguran\u021b\u0103 \u00een \u00eenc\u0103peri umede.<\/span><\/p>","protected":false},"excerpt":{"rendered":"<p><span class=\"Y2IQFc\" lang=\"ro\">Oglinda dreptunghiulara cu iluminare LED EGAL.<\/span><\/p>\n<p>&nbsp;<\/p>\n<pre id=\"tw-target-text\" class=\"tw-data-text tw-text-large tw-ta\" dir=\"ltr\" tabindex=\"-1\" role=\"text\" data-placeholder=\"Translation\" data-ved=\"2ahUKEwinodysnJKRAxWBKRAIHdlpIvsQ3ewLegQIDxAW\" aria-label=\"Translated text: Pretul este valabil pentru dimensiuni de pana la 2000 mm\"><span class=\"Y2IQFc\" lang=\"ro\">Pretul este valabil pentru dimensiuni de pana la 2000 mm.<\/span><\/pre>","protected":false},"featured_media":1499,"comment_status":"open","ping_status":"closed","template":"","meta":[],"product_cat":[71],"product_tag":[],"class_list":{"0":"post-1821","1":"product","2":"type-product","3":"status-publish","4":"has-post-thumbnail","6":"product_cat-patrate","8":"first","9":"onbackorder","10":"shipping-taxable","11":"purchasable","12":"product-type-simple"},"_links":{"self":[{"href":"https:\/\/tamtam.md\/ru\/wp-json\/wp\/v2\/product\/1821"}],"collection":[{"href":"https:\/\/tamtam.md\/ru\/wp-json\/wp\/v2\/product"}],"about":[{"href":"https:\/\/tamtam.md\/ru\/wp-json\/wp\/v2\/types\/product"}],"replies":[{"embeddable":true,"href":"https:\/\/tamtam.md\/ru\/wp-json\/wp\/v2\/comments?post=1821"}],"version-history":[{"count":4,"href":"https:\/\/tamtam.md\/ru\/wp-json\/wp\/v2\/product\/1821\/revisions"}],"predecessor-version":[{"id":2378,"href":"https:\/\/tamtam.md\/ru\/wp-json\/wp\/v2\/product\/1821\/revisions\/2378"}],"wp:featuredmedia":[{"embeddable":true,"href":"https:\/\/tamtam.md\/ru\/wp-json\/wp\/v2\/media\/1499"}],"wp:attachment":[{"href":"https:\/\/tamtam.md\/ru\/wp-json\/wp\/v2\/media?parent=1821"}],"wp:term":[{"taxonomy":"product_cat","embeddable":true,"href":"https:\/\/tamtam.md\/ru\/wp-json\/wp\/v2\/product_cat?post=1821"},{"taxonomy":"product_tag","embeddable":true,"href":"https:\/\/tamtam.md\/ru\/wp-json\/wp\/v2\/product_tag?post=1821"}],"curies":[{"name":"wp","href":"https:\/\/api.w.org\/{rel}","templated":true}]}}