{"id":1819,"date":"2024-09-24T22:10:37","date_gmt":"2024-09-24T22:10:37","guid":{"rendered":"https:\/\/tamtam.md\/?post_type=product&#038;p=1819"},"modified":"2025-11-27T14:22:26","modified_gmt":"2025-11-27T14:22:26","slug":"oglinda-hollywood-4","status":"publish","type":"product","link":"https:\/\/tamtam.md\/ru\/product\/oglinda-hollywood-4\/","title":{"rendered":"Oglind\u0103 HollyWood 4"},"content":{"rendered":"<p>Oglinda pentru make-up Hollywood 4 este o alegere minunat\u0103 pentru saloanele de frumuse\u021be, camere de make-up, precum \u0219i pentru uz casnic. Aceast\u0103 oglind\u0103 v\u0103 lumineaz\u0103 perfect fa\u021ba, f\u0103r\u0103 a l\u0103sa umbre \u0219i va fi cheia pentru machiajul dvs. de calitate. Op\u021biuni utile:<\/p>\n<ul>\n<li>L\u0103mpi LED : consum redus de energie, luminozitate ridicat\u0103, 50 de mii de ore de func\u021bionare f\u0103r\u0103 \u00eentrerupere.<\/li>\n<li>Dimmer \u00eencorporat &#8211; reglarea luminozit\u0103\u021bii pentru alegerea luminii optime pentru machiaj.<\/li>\n<\/ul>","protected":false},"excerpt":{"rendered":"<p>Oglinda pentru make-up Hollywood 4 este o alegere minunat\u0103 pentru saloanele de frumuse\u021be, camere de make-up, precum \u0219i pentru uz casnic.<\/p>\n<p>&nbsp;<\/p>\n<pre id=\"tw-target-text\" class=\"tw-data-text tw-text-large tw-ta\" dir=\"ltr\" tabindex=\"-1\" role=\"text\" data-placeholder=\"Translation\" data-ved=\"2ahUKEwinodysnJKRAxWBKRAIHdlpIvsQ3ewLegQIDxAW\" aria-label=\"Translated text: Pretul este valabil pentru dimensiuni de pana la 2000 mm\"><span class=\"Y2IQFc\" lang=\"ro\">Pretul este valabil pentru dimensiuni de pana la 2000 mm.<\/span><\/pre>","protected":false},"featured_media":1496,"comment_status":"open","ping_status":"closed","template":"","meta":[],"product_cat":[71],"product_tag":[],"class_list":{"0":"post-1819","1":"product","2":"type-product","3":"status-publish","4":"has-post-thumbnail","6":"product_cat-patrate","8":"first","9":"onbackorder","10":"shipping-taxable","11":"purchasable","12":"product-type-simple"},"_links":{"self":[{"href":"https:\/\/tamtam.md\/ru\/wp-json\/wp\/v2\/product\/1819"}],"collection":[{"href":"https:\/\/tamtam.md\/ru\/wp-json\/wp\/v2\/product"}],"about":[{"href":"https:\/\/tamtam.md\/ru\/wp-json\/wp\/v2\/types\/product"}],"replies":[{"embeddable":true,"href":"https:\/\/tamtam.md\/ru\/wp-json\/wp\/v2\/comments?post=1819"}],"version-history":[{"count":2,"href":"https:\/\/tamtam.md\/ru\/wp-json\/wp\/v2\/product\/1819\/revisions"}],"predecessor-version":[{"id":2379,"href":"https:\/\/tamtam.md\/ru\/wp-json\/wp\/v2\/product\/1819\/revisions\/2379"}],"wp:featuredmedia":[{"embeddable":true,"href":"https:\/\/tamtam.md\/ru\/wp-json\/wp\/v2\/media\/1496"}],"wp:attachment":[{"href":"https:\/\/tamtam.md\/ru\/wp-json\/wp\/v2\/media?parent=1819"}],"wp:term":[{"taxonomy":"product_cat","embeddable":true,"href":"https:\/\/tamtam.md\/ru\/wp-json\/wp\/v2\/product_cat?post=1819"},{"taxonomy":"product_tag","embeddable":true,"href":"https:\/\/tamtam.md\/ru\/wp-json\/wp\/v2\/product_tag?post=1819"}],"curies":[{"name":"wp","href":"https:\/\/api.w.org\/{rel}","templated":true}]}}