{"id":1815,"date":"2024-09-24T22:07:43","date_gmt":"2024-09-24T22:07:43","guid":{"rendered":"https:\/\/tamtam.md\/?post_type=product&#038;p=1815"},"modified":"2025-11-27T14:24:56","modified_gmt":"2025-11-27T14:24:56","slug":"oglinda-linda","status":"publish","type":"product","link":"https:\/\/tamtam.md\/ru\/product\/oglinda-linda\/","title":{"rendered":"Oglind\u0103 ROAD"},"content":{"rendered":"<pre class=\"tw-data-text tw-text-large tw-ta\" dir=\"ltr\" data-placeholder=\"Translation\" data-ved=\"2ahUKEwj_zNvksPKJAxXg87sIHYL_K1UQ3ewLegQICxAU\" aria-label=\"Translated text: Oglind\u0103 cu iluminare LED seria Linda LED ST. Dou\u0103 benzi luminoase verticale de-a lungul marginilor laterale ale produsului str\u0103lucesc puternic \u0219i uniform, lumin\u00e2nd bine fa\u021ba \u0219i f\u0103r\u0103 umbre pe ea. Grosimea structurii este de 30 mm.\"><span class=\"Y2IQFc\" lang=\"ro\">Oglind\u0103 cu iluminare LED <\/span><span class=\"Y2IQFc\" lang=\"en\">ROAD.<\/span><span class=\"Y2IQFc\" lang=\"ro\">Dou\u0103 benzi luminoase verticale de-a lungul marginilor laterale ale produsului str\u0103lucesc puternic \u0219i uniform, lumin\u00e2nd bine fa\u021ba \u0219i f\u0103r\u0103 umbre pe ea. Grosimea structurii este de 25 mm.\r\n\r\n<\/span><\/pre>\n<pre id=\"tw-target-text\" class=\"tw-data-text tw-text-large tw-ta\" dir=\"ltr\" tabindex=\"-1\" role=\"text\" data-placeholder=\"Translation\" data-ved=\"2ahUKEwinodysnJKRAxWBKRAIHdlpIvsQ3ewLegQIDxAW\" aria-label=\"Translated text: Pretul este valabil pentru dimensiuni de pana la 2000 mm\"><span class=\"Y2IQFc\" lang=\"ro\">Pretul este valabil pentru dimensiuni de pana la 2000 mm.<\/span><\/pre>\n<pre class=\"tw-data-text tw-text-large tw-ta\" dir=\"ltr\" data-placeholder=\"Translation\" data-ved=\"2ahUKEwj_zNvksPKJAxXg87sIHYL_K1UQ3ewLegQICxAU\" aria-label=\"Translated text: Oglind\u0103 cu iluminare LED seria Linda LED ST. Dou\u0103 benzi luminoase verticale de-a lungul marginilor laterale ale produsului str\u0103lucesc puternic \u0219i uniform, lumin\u00e2nd bine fa\u021ba \u0219i f\u0103r\u0103 umbre pe ea. Grosimea structurii este de 30 mm.\"><span class=\"Y2IQFc\" lang=\"ro\">\u00a0<\/span><\/pre>","protected":false},"excerpt":{"rendered":"<p><span class=\"Y2IQFc\" lang=\"ro\">Oglind\u0103 cu iluminare LED <\/span><span class=\"Y2IQFc\" lang=\"en\">ROAD.<\/span><\/p>\n<p>&nbsp;<\/p>\n<pre id=\"tw-target-text\" class=\"tw-data-text tw-text-large tw-ta\" dir=\"ltr\" tabindex=\"-1\" role=\"text\" data-placeholder=\"Translation\" data-ved=\"2ahUKEwinodysnJKRAxWBKRAIHdlpIvsQ3ewLegQIDxAW\" aria-label=\"Translated text: Pretul este valabil pentru dimensiuni de pana la 2000 mm\"><span class=\"Y2IQFc\" lang=\"ro\">Pretul este valabil pentru dimensiuni de pana la 2000 mm.<\/span><\/pre>","protected":false},"featured_media":1482,"comment_status":"open","ping_status":"closed","template":"","meta":[],"product_cat":[71],"product_tag":[],"class_list":{"0":"post-1815","1":"product","2":"type-product","3":"status-publish","4":"has-post-thumbnail","6":"product_cat-patrate","8":"first","9":"onbackorder","10":"shipping-taxable","11":"purchasable","12":"product-type-simple"},"_links":{"self":[{"href":"https:\/\/tamtam.md\/ru\/wp-json\/wp\/v2\/product\/1815"}],"collection":[{"href":"https:\/\/tamtam.md\/ru\/wp-json\/wp\/v2\/product"}],"about":[{"href":"https:\/\/tamtam.md\/ru\/wp-json\/wp\/v2\/types\/product"}],"replies":[{"embeddable":true,"href":"https:\/\/tamtam.md\/ru\/wp-json\/wp\/v2\/comments?post=1815"}],"version-history":[{"count":5,"href":"https:\/\/tamtam.md\/ru\/wp-json\/wp\/v2\/product\/1815\/revisions"}],"predecessor-version":[{"id":2382,"href":"https:\/\/tamtam.md\/ru\/wp-json\/wp\/v2\/product\/1815\/revisions\/2382"}],"wp:featuredmedia":[{"embeddable":true,"href":"https:\/\/tamtam.md\/ru\/wp-json\/wp\/v2\/media\/1482"}],"wp:attachment":[{"href":"https:\/\/tamtam.md\/ru\/wp-json\/wp\/v2\/media?parent=1815"}],"wp:term":[{"taxonomy":"product_cat","embeddable":true,"href":"https:\/\/tamtam.md\/ru\/wp-json\/wp\/v2\/product_cat?post=1815"},{"taxonomy":"product_tag","embeddable":true,"href":"https:\/\/tamtam.md\/ru\/wp-json\/wp\/v2\/product_tag?post=1815"}],"curies":[{"name":"wp","href":"https:\/\/api.w.org\/{rel}","templated":true}]}}