{"id":1810,"date":"2024-09-24T22:02:30","date_gmt":"2024-09-24T22:02:30","guid":{"rendered":"https:\/\/tamtam.md\/?post_type=product&#038;p=1810"},"modified":"2025-11-27T14:26:03","modified_gmt":"2025-11-27T14:26:03","slug":"oglinda-elvira","status":"publish","type":"product","link":"https:\/\/tamtam.md\/ru\/product\/oglinda-elvira\/","title":{"rendered":"Oglind\u0103 ROAD 2"},"content":{"rendered":"<p><span class=\"Y2IQFc\" lang=\"ro\">Oglinda cu iluminare LED ROAD 2 .Aceasta este o compozi\u021bie format\u0103 din dou\u0103 p\u0103r\u021bi ale unei oglinzi, t\u0103iat \u00een linie dreapt\u0103 pe o parte. P\u0103r\u021bile oglinzii sunt separate una de cealalt\u0103 prin \u00een\u0103l\u021bime, ceea ce v\u0103 permite s\u0103 instala\u021bi un lavoar sau o m\u0103su\u021b\u0103 de toalet\u0103 \u00eentre ele. Rezultatul este o compozi\u021bie unic\u0103 foarte frumoas\u0103, format\u0103 din blatul mesei \u0219i p\u0103r\u021bile oglinzii de deasupra \u0219i dedesubtul blatului.<\/span><\/p>","protected":false},"excerpt":{"rendered":"<p><span class=\"Y2IQFc\" lang=\"ro\">Oglinda cu iluminare LED ROAD 2 .Aceasta este o compozi\u021bie format\u0103 din dou\u0103 p\u0103r\u021bi ale unei oglinzi.<\/span><\/p>\n<p>&nbsp;<\/p>\n<pre id=\"tw-target-text\" class=\"tw-data-text tw-text-large tw-ta\" dir=\"ltr\" tabindex=\"-1\" role=\"text\" data-placeholder=\"Translation\" data-ved=\"2ahUKEwinodysnJKRAxWBKRAIHdlpIvsQ3ewLegQIDxAW\" aria-label=\"Translated text: Pretul este valabil pentru dimensiuni de pana la 2000 mm\"><span class=\"Y2IQFc\" lang=\"ro\">Pretul este valabil pentru dimensiuni de pana la 2000 mm.<\/span><\/pre>","protected":false},"featured_media":2227,"comment_status":"open","ping_status":"closed","template":"","meta":[],"product_cat":[71],"product_tag":[],"class_list":{"0":"post-1810","1":"product","2":"type-product","3":"status-publish","4":"has-post-thumbnail","6":"product_cat-patrate","8":"first","9":"onbackorder","10":"shipping-taxable","11":"purchasable","12":"product-type-simple"},"_links":{"self":[{"href":"https:\/\/tamtam.md\/ru\/wp-json\/wp\/v2\/product\/1810"}],"collection":[{"href":"https:\/\/tamtam.md\/ru\/wp-json\/wp\/v2\/product"}],"about":[{"href":"https:\/\/tamtam.md\/ru\/wp-json\/wp\/v2\/types\/product"}],"replies":[{"embeddable":true,"href":"https:\/\/tamtam.md\/ru\/wp-json\/wp\/v2\/comments?post=1810"}],"version-history":[{"count":6,"href":"https:\/\/tamtam.md\/ru\/wp-json\/wp\/v2\/product\/1810\/revisions"}],"predecessor-version":[{"id":2384,"href":"https:\/\/tamtam.md\/ru\/wp-json\/wp\/v2\/product\/1810\/revisions\/2384"}],"wp:featuredmedia":[{"embeddable":true,"href":"https:\/\/tamtam.md\/ru\/wp-json\/wp\/v2\/media\/2227"}],"wp:attachment":[{"href":"https:\/\/tamtam.md\/ru\/wp-json\/wp\/v2\/media?parent=1810"}],"wp:term":[{"taxonomy":"product_cat","embeddable":true,"href":"https:\/\/tamtam.md\/ru\/wp-json\/wp\/v2\/product_cat?post=1810"},{"taxonomy":"product_tag","embeddable":true,"href":"https:\/\/tamtam.md\/ru\/wp-json\/wp\/v2\/product_tag?post=1810"}],"curies":[{"name":"wp","href":"https:\/\/api.w.org\/{rel}","templated":true}]}}