{"id":1808,"date":"2024-09-24T21:58:20","date_gmt":"2024-09-24T21:58:20","guid":{"rendered":"https:\/\/tamtam.md\/?post_type=product&#038;p=1808"},"modified":"2025-11-27T14:26:28","modified_gmt":"2025-11-27T14:26:28","slug":"oglinda-adele-2","status":"publish","type":"product","link":"https:\/\/tamtam.md\/ru\/product\/oglinda-adele-2\/","title":{"rendered":"Oglind\u0103 CLASIC 05"},"content":{"rendered":"<p>Oglind\u0103 cu iluminare LED CLASIC 05 . \u00cen acest model nu este \u00eenclus\u0103 rama din aluminiu .\u00cen acela\u0219i timp, ca op\u021biune, pute\u021bi comanda una din mai multe pozi\u021bii pentru rama din aluminiu, o descriere \u0219i fotografiile le pute\u021bi vedea \u00een sec\u021biunea Op\u021biuni suplimentare.<\/p>","protected":false},"excerpt":{"rendered":"<p>Oglind\u0103 cu iluminare LEDCLASIC 05.<\/p>\n<p>&nbsp;<\/p>\n<pre id=\"tw-target-text\" class=\"tw-data-text tw-text-large tw-ta\" dir=\"ltr\" tabindex=\"-1\" role=\"text\" data-placeholder=\"Translation\" data-ved=\"2ahUKEwinodysnJKRAxWBKRAIHdlpIvsQ3ewLegQIDxAW\" aria-label=\"Translated text: Pretul este valabil pentru dimensiuni de pana la 2000 mm\"><span class=\"Y2IQFc\" lang=\"ro\">Pretul este valabil pentru dimensiuni de pana la 2000 mm.<\/span><\/pre>","protected":false},"featured_media":1778,"comment_status":"open","ping_status":"closed","template":"","meta":[],"product_cat":[71],"product_tag":[],"class_list":{"0":"post-1808","1":"product","2":"type-product","3":"status-publish","4":"has-post-thumbnail","6":"product_cat-patrate","8":"first","9":"onbackorder","10":"shipping-taxable","11":"purchasable","12":"product-type-simple"},"_links":{"self":[{"href":"https:\/\/tamtam.md\/ru\/wp-json\/wp\/v2\/product\/1808"}],"collection":[{"href":"https:\/\/tamtam.md\/ru\/wp-json\/wp\/v2\/product"}],"about":[{"href":"https:\/\/tamtam.md\/ru\/wp-json\/wp\/v2\/types\/product"}],"replies":[{"embeddable":true,"href":"https:\/\/tamtam.md\/ru\/wp-json\/wp\/v2\/comments?post=1808"}],"version-history":[{"count":3,"href":"https:\/\/tamtam.md\/ru\/wp-json\/wp\/v2\/product\/1808\/revisions"}],"predecessor-version":[{"id":2385,"href":"https:\/\/tamtam.md\/ru\/wp-json\/wp\/v2\/product\/1808\/revisions\/2385"}],"wp:featuredmedia":[{"embeddable":true,"href":"https:\/\/tamtam.md\/ru\/wp-json\/wp\/v2\/media\/1778"}],"wp:attachment":[{"href":"https:\/\/tamtam.md\/ru\/wp-json\/wp\/v2\/media?parent=1808"}],"wp:term":[{"taxonomy":"product_cat","embeddable":true,"href":"https:\/\/tamtam.md\/ru\/wp-json\/wp\/v2\/product_cat?post=1808"},{"taxonomy":"product_tag","embeddable":true,"href":"https:\/\/tamtam.md\/ru\/wp-json\/wp\/v2\/product_tag?post=1808"}],"curies":[{"name":"wp","href":"https:\/\/api.w.org\/{rel}","templated":true}]}}