{"id":31,"date":"2023-04-20T11:47:35","date_gmt":"2023-04-20T11:47:35","guid":{"rendered":"https:\/\/dummy.xtemos.com\/woodmart2\/furniture2-elementor\/?page_id=31"},"modified":"2024-11-26T15:18:12","modified_gmt":"2024-11-26T15:18:12","slug":"despre-noi","status":"publish","type":"page","link":"https:\/\/tamtam.md\/ru\/despre-noi\/","title":{"rendered":"Despre noi"},"content":{"rendered":"<div data-elementor-type=\"wp-page\" data-elementor-id=\"31\" class=\"elementor elementor-31\">\n\t\t\t\t<div class=\"elementor-element elementor-element-558899b e-flex e-con-boxed e-con e-parent\" data-id=\"558899b\" data-element_type=\"container\">\n\t\t\t\t\t<div class=\"e-con-inner\">\n\t\t<div class=\"elementor-element elementor-element-9aff3ab e-con-full e-flex e-con e-child\" data-id=\"9aff3ab\" data-element_type=\"container\">\n\t\t\t\t<div class=\"elementor-element elementor-element-cfd9ca0 wd-width-100 elementor-widget elementor-widget-wd_images_gallery\" data-id=\"cfd9ca0\" data-element_type=\"widget\" data-widget_type=\"wd_images_gallery.default\">\n\t\t\t\t<div class=\"elementor-widget-container\">\n\t\t\t\t\t<div class=\"wd-images-gallery photoswipe-images\" style=\"--wd-align-items:center; --wd-justify-content:center;\">\n\t\t\t\t\t\t<div class=\"wd-grid-g\" style=\"--wd-col-lg:2;--wd-col-md:2;--wd-col-sm:2;--wd-gap-lg:20px;--wd-gap-sm:10px;\" >\n\t\t\t\t\t\t\t\t\t\t\t\t\t\t\t\t\t\t<div class=\"wd-gallery-item wd-col\">\n\t\t\t\t\t\t\t\t\t\t\t\t\t<a  href=\"https:\/\/tamtam.md\/wp-content\/uploads\/2024\/09\/7058b045722b94956ffaed33ae34eb72.jpg\"data-width=\"564\" data-height=\"564\" data-index=\"1\" data-elementor-open-lightbox=\"no\">\n\t\t\t\t\t\t\n\t\t\t\t\t\t<img decoding=\"async\" src=\"https:\/\/tamtam.md\/wp-content\/uploads\/2024\/09\/7058b045722b94956ffaed33ae34eb72.jpg\"alt=\"7058b045722b94956ffaed33ae34eb72\">\n\t\t\t\t\t\t\t\t\t\t\t\t\t<\/a>\n\t\t\t\t\t\t\t\t\t\t\t<\/div>\n\t\t\t\t\t\t\t\t\t\t\t\t\t\t\t<div class=\"wd-gallery-item wd-col\">\n\t\t\t\t\t\t\t\t\t\t\t\t\t<a  href=\"https:\/\/tamtam.md\/wp-content\/uploads\/2024\/09\/52a1246c57a50ad53b92f6afd4db4465.jpg\"data-width=\"563\" data-height=\"594\" data-index=\"2\" data-elementor-open-lightbox=\"no\">\n\t\t\t\t\t\t\n\t\t\t\t\t\t<img decoding=\"async\" src=\"https:\/\/tamtam.md\/wp-content\/uploads\/2024\/09\/52a1246c57a50ad53b92f6afd4db4465.jpg\"alt=\"52a1246c57a50ad53b92f6afd4db4465\">\n\t\t\t\t\t\t\t\t\t\t\t\t\t<\/a>\n\t\t\t\t\t\t\t\t\t\t\t<\/div>\n\t\t\t\t\t\t\t\t\t\t\t\t\t<\/div>\n\t\t\t\t\t<\/div>\n\t\t\t\t<\/div>\n\t\t\t\t<\/div>\n\t\t\t\t<\/div>\n\t\t<div class=\"elementor-element elementor-element-af8043f e-con-full e-flex e-con e-child\" data-id=\"af8043f\" data-element_type=\"container\">\n\t\t\t\t<div class=\"elementor-element elementor-element-78a5da3 wd-width-100 elementor-widget elementor-widget-wd_title\" data-id=\"78a5da3\" data-element_type=\"widget\" data-widget_type=\"wd_title.default\">\n\t\t\t\t<div class=\"elementor-widget-container\">\n\t\t\t\t\t<div class=\"title-wrapper set-mb-s reset-last-child wd-title-color-default wd-title-style-default wd-title-size-large text-left\">\n\n\t\t\t\n\t\t\t<div class=\"liner-continer\">\n\t\t\t\t<h4 class=\"woodmart-title-container title wd-fontsize-xxl\">Despre Tam Tam<\/h4> \n\t\t\t\t\t\t\t<\/div>\n\n\t\t\t\t\t<\/div>\n\t\t\t\t<\/div>\n\t\t\t\t<\/div>\n\t\t\t\t<div class=\"elementor-element elementor-element-49b9a13 elementor-widget elementor-widget-wd_text_block\" data-id=\"49b9a13\" data-element_type=\"widget\" data-widget_type=\"wd_text_block.default\">\n\t\t\t\t<div class=\"elementor-widget-container\">\n\t\t\t\t\t<div class=\"wd-text-block reset-last-child text-left\">\n\t\t\t\n\t\t\t<p>Ne-am dedicat misiunii de a transforma oglinzile din simple obiecte func\u021bionale \u00een adev\u0103rate opere de art\u0103. Fiecare pies\u0103 creat\u0103 de noi este unic\u0103, adaptat\u0103 perfect nevoilor \u0219i preferin\u021belor tale. Credem c\u0103 oglinzile nu doar completeaz\u0103 un spa\u021biu, ci \u00eel transform\u0103, ad\u0103ug\u00e2nd ad\u00e2ncime, lumin\u0103 \u0219i stil.<\/p><p><strong>Ce oferim:<\/strong><\/p><ul><li>Oglinzi personalizate pentru interiorul t\u0103u<\/li><li>Designuri unice \u0219i la comand\u0103<\/li><li>Oglinzi decorative, de baie, pentru holuri sau spa\u021bii comerciale<\/li><li>Consultan\u021b\u0103 \u0219i suport de specialitate \u00een alegerea celor mai potrivite solu\u021bii<\/li><\/ul>\n\t\t\t\t\t<\/div>\n\t\t\t\t<\/div>\n\t\t\t\t<\/div>\n\t\t\t\t<\/div>\n\t\t\t\t\t<\/div>\n\t\t\t\t<\/div>\n\t\t<div class=\"elementor-element elementor-element-826d1dc e-flex e-con-boxed e-con e-parent\" data-id=\"826d1dc\" data-element_type=\"container\" data-settings=\"{&quot;background_background&quot;:&quot;classic&quot;}\">\n\t\t\t\t\t<div class=\"e-con-inner\">\n\t\t<div class=\"elementor-element elementor-element-527b668 e-con-full e-flex e-con e-child\" data-id=\"527b668\" data-element_type=\"container\" data-settings=\"{&quot;background_background&quot;:&quot;classic&quot;}\">\n\t\t\t\t<div class=\"elementor-element elementor-element-4c89eaa wd-width-100 elementor-widget elementor-widget-wd_title\" data-id=\"4c89eaa\" data-element_type=\"widget\" data-widget_type=\"wd_title.default\">\n\t\t\t\t<div class=\"elementor-widget-container\">\n\t\t\t\t\t<div class=\"title-wrapper set-mb-s reset-last-child wd-title-color-primary wd-title-style-default wd-title-size-large text-center\">\n\n\t\t\t\t\t\t\t<div class=\"title-subtitle subtitle-color-primary subtitle-style-default wd-fontsize-xs\">\n\t\t\t\t\tFurniture collections\t\t\t\t<\/div>\n\t\t\t\n\t\t\t<div class=\"liner-continer\">\n\t\t\t\t<h4 class=\"woodmart-title-container title wd-fontsize-xxl\">How we start our business<\/h4> \n\t\t\t\t\t\t\t<\/div>\n\n\t\t\t\t\t<\/div>\n\t\t\t\t<\/div>\n\t\t\t\t<\/div>\n\t\t\t\t<div class=\"elementor-element elementor-element-30d31dc wd-width-100 elementor-widget elementor-widget-wd_video\" data-id=\"30d31dc\" data-element_type=\"widget\" data-widget_type=\"wd_video.default\">\n\t\t\t\t<div class=\"elementor-widget-container\">\n\t\t\t\n\t\t<div class=\"wd-el-video wd-action-play wd-video-youtube text-center\">\n\t\t\t\n\t\t\t\n\t\t\t\t\t\t\t<a href=\"https:\/\/www.youtube.com\/watch?v=XHOmBV4js_E\" class=\"wd-el-video-btn\">\n\t\t\t\t\t<span class=\"wd-el-video-play-btn\"><\/span>\n\t\t\t\t\t\t\t\t\t<\/a>\n\t\t\t\n\t\t\t\t\t<\/div>\n\t\t\t\t<\/div>\n\t\t\t\t<\/div>\n\t\t\t\t<\/div>\n\t\t\t\t\t<\/div>\n\t\t\t\t<\/div>\n\t\t\t\t\t<link rel=\"stylesheet\" id=\"wd-collapsible-content-css\" href=\"https:\/\/tamtam.md\/wp-content\/themes\/woodmart\/css\/parts\/elem-opt-collapsible-content.min.css?ver=7.4.3\" type=\"text\/css\" media=\"all\" \/> \t\t\t<div class=\"elementor-element elementor-element-43bbe8e wd-collapsible-content e-flex e-con-boxed e-con e-parent\" data-id=\"43bbe8e\" data-element_type=\"container\">\n\t\t\t\t\t<div class=\"e-con-inner\">\n\t\t\t\t<div class=\"elementor-element elementor-element-20b137d elementor-widget elementor-widget-wd_text_block\" data-id=\"20b137d\" data-element_type=\"widget\" data-widget_type=\"wd_text_block.default\">\n\t\t\t\t<div class=\"elementor-widget-container\">\n\t\t\t\t\t<div class=\"wd-text-block reset-last-child text-left\">\n\t\t\t\n\t\t\t<p>Cu o experien\u021b\u0103 vast\u0103 \u00een domeniu \u0219i o echip\u0103 de me\u0219te\u0219ugari pasiona\u021bi, oferim o gam\u0103 larg\u0103 de oglinzi personalizate, fie c\u0103 este vorba de oglinzi clasice, moderne sau decorative. Folosim tehnologii avansate \u0219i materiale de cea mai \u00eenalt\u0103 calitate, asigur\u00e2ndu-ne c\u0103 fiecare detaliu este perfect.<\/p><p><strong>Ce ne define\u0219te:<\/strong><\/p><ul><li><strong>Personalizare complet\u0103<\/strong>: Oferim posibilitatea de a alege dimensiunea, forma, finisajul \u0219i stilul fiec\u0103rei oglinzi, pentru a se potrivi exact cerin\u021belor tale.<\/li><li><strong>Calitate de excep\u021bie<\/strong>: Fiecare oglind\u0103 este realizat\u0103 din materiale durabile \u0219i finisat\u0103 cu aten\u021bie la detalii, garant\u00e2nd un produs final impecabil.<\/li><li><strong>Consultan\u021b\u0103 profesional\u0103<\/strong>: Te asist\u0103m \u00een fiecare pas al procesului, de la alegerea designului p\u00e2n\u0103 la instalarea oglinzii, pentru a ne asigura c\u0103 ob\u021bii exact ceea ce \u00ee\u021bi dore\u0219ti.<\/li><\/ul><p><strong>De ce s\u0103 ne alegi?<\/strong><\/p><p>Fie c\u0103 \u00ee\u021bi dore\u0219ti o oglind\u0103 pentru locuin\u021b\u0103, un proiect comercial sau pentru un spa\u021biu special, noi suntem partenerul de \u00eencredere care \u00ee\u021bi poate aduce viziunea la realitate. Ne angaj\u0103m s\u0103 oferim excelen\u021b\u0103 \u00een fiecare proiect, pun\u00e2nd accent pe creativitate, func\u021bionalitate \u0219i inova\u021bie.<\/p><p><strong>Te invit\u0103m s\u0103 descoperi arta oglinzilor personalizate cu noi!<\/strong><\/p><p>\u00a0<\/p><p>\u00a0<\/p><p>\u00a0<\/p>\n\t\t\t\t\t<\/div>\n\t\t\t\t<\/div>\n\t\t\t\t<\/div>\n\t\t\t\t\t<\/div>\n\t\t\t\t<\/div>\n\t\t\t\t<\/div>","protected":false},"excerpt":{"rendered":"<p>Despre Tam Tam Ne-am dedicat misiunii de a transforma oglinzile din simple obiecte func\u021bionale \u00een adev\u0103rate opere de art\u0103. Fiecare<\/p>","protected":false},"author":1,"featured_media":0,"parent":0,"menu_order":0,"comment_status":"closed","ping_status":"closed","template":"","meta":{"footnotes":""},"class_list":["post-31","page","type-page","status-publish","hentry"],"_links":{"self":[{"href":"https:\/\/tamtam.md\/ru\/wp-json\/wp\/v2\/pages\/31"}],"collection":[{"href":"https:\/\/tamtam.md\/ru\/wp-json\/wp\/v2\/pages"}],"about":[{"href":"https:\/\/tamtam.md\/ru\/wp-json\/wp\/v2\/types\/page"}],"author":[{"embeddable":true,"href":"https:\/\/tamtam.md\/ru\/wp-json\/wp\/v2\/users\/1"}],"replies":[{"embeddable":true,"href":"https:\/\/tamtam.md\/ru\/wp-json\/wp\/v2\/comments?post=31"}],"version-history":[{"count":16,"href":"https:\/\/tamtam.md\/ru\/wp-json\/wp\/v2\/pages\/31\/revisions"}],"predecessor-version":[{"id":2121,"href":"https:\/\/tamtam.md\/ru\/wp-json\/wp\/v2\/pages\/31\/revisions\/2121"}],"wp:attachment":[{"href":"https:\/\/tamtam.md\/ru\/wp-json\/wp\/v2\/media?parent=31"}],"curies":[{"name":"wp","href":"https:\/\/api.w.org\/{rel}","templated":true}]}}